{"id":152820,"date":"2025-06-23T11:04:09","date_gmt":"2025-06-23T15:04:09","guid":{"rendered":"https:\/\/repair-care.com\/product\/contractor-starter-pack\/"},"modified":"2025-06-23T11:04:09","modified_gmt":"2025-06-23T15:04:09","slug":"contractor-starter-pack","status":"publish","type":"product","link":"https:\/\/repair-care.com\/es\/producto\/contractor-starter-pack\/","title":{"rendered":"Contractor starter pack"},"content":{"rendered":"<p><strong>Este paquete inicial para contratistas incluye:<\/strong><\/p>\n<ul>\n<li>DRY FLEX\u00ae 4<\/li>\n<li>DRY FLEX\u00ae Super Finish<\/li>\n<li>DRY FIX\u00ae UNI<\/li>\n<li>Juego completo de accesorios EASY\u2022Q\u2122<\/li>\n<\/ul>\n","protected":false},"excerpt":{"rendered":"<p><strong>Nuestro Contractor Starter Pack es la introducci\u00f3n perfecta al sistema Repair Care para contratistas. <\/strong><\/p>\n<p>Este kit todo en uno incluye herramientas y materiales esenciales, como DRY FLEX\u00ae 4, DRY FLEX\u00ae Super Finish, DRY FIX\u00ae UNI y un juego completo de accesorios EASY\u2022Q\u2122, dise\u00f1ados para realizar reparaciones de madera duraderas y de alta calidad con facilidad. Tanto si se trata de peque\u00f1as reparaciones como de grandes restauraciones, este pack le garantiza que estar\u00e1 equipado para el \u00e9xito desde el primer d\u00eda.<\/p>\n","protected":false},"featured_media":134018,"template":"","meta":{"_acf_changed":false},"product_brand":[],"product_cat":[283],"product_tag":[],"class_list":{"0":"post-152820","1":"product","2":"type-product","3":"status-publish","4":"has-post-thumbnail","6":"product_cat-sin-categoria-2","8":"first","9":"instock","10":"taxable","11":"shipping-taxable","12":"product-type-simple"},"acf":[],"yoast_head":"<!-- This site is optimized with the Yoast SEO plugin v24.6 - https:\/\/yoast.com\/wordpress\/plugins\/seo\/ -->\n<title>Contractor starter pack - Repair Care | Stronger together<\/title>\n<meta name=\"robots\" content=\"index, follow, max-snippet:-1, max-image-preview:large, max-video-preview:-1\" \/>\n<link rel=\"canonical\" href=\"https:\/\/repair-care.com\/es\/producto\/contractor-starter-pack\/\" \/>\n<meta property=\"og:locale\" content=\"es_ES\" \/>\n<meta property=\"og:type\" content=\"article\" \/>\n<meta property=\"og:title\" content=\"Contractor starter pack - Repair Care | Stronger together\" \/>\n<meta property=\"og:description\" content=\"Nuestro Contractor Starter Pack es la introducci\u00f3n perfecta al sistema Repair Care para contratistas.  Este kit todo en uno incluye herramientas y materiales esenciales, como DRY FLEX\u00ae 4, DRY FLEX\u00ae Super Finish, DRY FIX\u00ae UNI y un juego completo de accesorios EASY\u2022Q\u2122, dise\u00f1ados para realizar reparaciones de madera duraderas y de alta calidad con facilidad. Tanto si se trata de peque\u00f1as reparaciones como de grandes restauraciones, este pack le garantiza que estar\u00e1 equipado para el \u00e9xito desde el primer d\u00eda.\" \/>\n<meta property=\"og:url\" content=\"https:\/\/repair-care.com\/es\/producto\/contractor-starter-pack\/\" \/>\n<meta property=\"og:site_name\" content=\"Repair Care | Stronger together\" \/>\n<meta property=\"article:publisher\" content=\"https:\/\/www.facebook.com\/UKRepairCare\/\" \/>\n<meta property=\"og:image\" content=\"https:\/\/repair-care.com\/wp-content\/uploads\/2025\/06\/Contractor-starter-pack-1.png\" \/>\n\t<meta property=\"og:image:width\" content=\"2000\" \/>\n\t<meta property=\"og:image:height\" content=\"2000\" \/>\n\t<meta property=\"og:image:type\" content=\"image\/png\" \/>\n<meta name=\"twitter:card\" content=\"summary_large_image\" \/>\n<meta name=\"twitter:site\" content=\"@repaircareuk\" \/>\n<script type=\"application\/ld+json\" class=\"yoast-schema-graph\">{\"@context\":\"https:\/\/schema.org\",\"@graph\":[{\"@type\":\"WebPage\",\"@id\":\"https:\/\/repair-care.com\/es\/producto\/contractor-starter-pack\/\",\"url\":\"https:\/\/repair-care.com\/es\/producto\/contractor-starter-pack\/\",\"name\":\"Contractor starter pack - Repair Care | Stronger together\",\"isPartOf\":{\"@id\":\"https:\/\/repair-care.com\/es\/#website\"},\"primaryImageOfPage\":{\"@id\":\"https:\/\/repair-care.com\/es\/producto\/contractor-starter-pack\/#primaryimage\"},\"image\":{\"@id\":\"https:\/\/repair-care.com\/es\/producto\/contractor-starter-pack\/#primaryimage\"},\"thumbnailUrl\":\"https:\/\/repair-care.com\/wp-content\/uploads\/2025\/06\/Contractor-starter-pack-1.png\",\"datePublished\":\"2025-06-23T15:04:09+00:00\",\"breadcrumb\":{\"@id\":\"https:\/\/repair-care.com\/es\/producto\/contractor-starter-pack\/#breadcrumb\"},\"inLanguage\":\"es\",\"potentialAction\":[{\"@type\":\"ReadAction\",\"target\":[\"https:\/\/repair-care.com\/es\/producto\/contractor-starter-pack\/\"]}]},{\"@type\":\"ImageObject\",\"inLanguage\":\"es\",\"@id\":\"https:\/\/repair-care.com\/es\/producto\/contractor-starter-pack\/#primaryimage\",\"url\":\"https:\/\/repair-care.com\/wp-content\/uploads\/2025\/06\/Contractor-starter-pack-1.png\",\"contentUrl\":\"https:\/\/repair-care.com\/wp-content\/uploads\/2025\/06\/Contractor-starter-pack-1.png\",\"width\":2000,\"height\":2000},{\"@type\":\"BreadcrumbList\",\"@id\":\"https:\/\/repair-care.com\/es\/producto\/contractor-starter-pack\/#breadcrumb\",\"itemListElement\":[{\"@type\":\"ListItem\",\"position\":1,\"name\":\"Home\",\"item\":\"https:\/\/repair-care.com\/es\/\"},{\"@type\":\"ListItem\",\"position\":2,\"name\":\"Productos\",\"item\":\"https:\/\/repair-care.com\/es\/productos\/\"},{\"@type\":\"ListItem\",\"position\":3,\"name\":\"Contractor starter pack\"}]},{\"@type\":\"WebSite\",\"@id\":\"https:\/\/repair-care.com\/es\/#website\",\"url\":\"https:\/\/repair-care.com\/es\/\",\"name\":\"Repair Care USA\",\"description\":\"\",\"publisher\":{\"@id\":\"https:\/\/repair-care.com\/es\/#organization\"},\"potentialAction\":[{\"@type\":\"SearchAction\",\"target\":{\"@type\":\"EntryPoint\",\"urlTemplate\":\"https:\/\/repair-care.com\/es\/?s={search_term_string}\"},\"query-input\":{\"@type\":\"PropertyValueSpecification\",\"valueRequired\":true,\"valueName\":\"search_term_string\"}}],\"inLanguage\":\"es\"},{\"@type\":\"Organization\",\"@id\":\"https:\/\/repair-care.com\/es\/#organization\",\"name\":\"Repair Care\",\"url\":\"https:\/\/repair-care.com\/es\/\",\"logo\":{\"@type\":\"ImageObject\",\"inLanguage\":\"es\",\"@id\":\"https:\/\/repair-care.com\/es\/#\/schema\/logo\/image\/\",\"url\":\"https:\/\/repair-care.com\/wp-content\/uploads\/2023\/11\/rc-logo-2024.svg\",\"contentUrl\":\"https:\/\/repair-care.com\/wp-content\/uploads\/2023\/11\/rc-logo-2024.svg\",\"caption\":\"Repair Care\"},\"image\":{\"@id\":\"https:\/\/repair-care.com\/es\/#\/schema\/logo\/image\/\"},\"sameAs\":[\"https:\/\/www.facebook.com\/UKRepairCare\/\",\"https:\/\/x.com\/repaircareuk\",\"https:\/\/www.instagram.com\/repair_care_international_uk\/?hl=en\",\"https:\/\/www.tiktok.com\/@repaircareuk\"]}]}<\/script>\n<!-- \/ Yoast SEO plugin. -->","yoast_head_json":{"title":"Contractor starter pack - Repair Care | Stronger together","robots":{"index":"index","follow":"follow","max-snippet":"max-snippet:-1","max-image-preview":"max-image-preview:large","max-video-preview":"max-video-preview:-1"},"canonical":"https:\/\/repair-care.com\/es\/producto\/contractor-starter-pack\/","og_locale":"es_ES","og_type":"article","og_title":"Contractor starter pack - Repair Care | Stronger together","og_description":"Nuestro Contractor Starter Pack es la introducci\u00f3n perfecta al sistema Repair Care para contratistas.  Este kit todo en uno incluye herramientas y materiales esenciales, como DRY FLEX\u00ae 4, DRY FLEX\u00ae Super Finish, DRY FIX\u00ae UNI y un juego completo de accesorios EASY\u2022Q\u2122, dise\u00f1ados para realizar reparaciones de madera duraderas y de alta calidad con facilidad. Tanto si se trata de peque\u00f1as reparaciones como de grandes restauraciones, este pack le garantiza que estar\u00e1 equipado para el \u00e9xito desde el primer d\u00eda.","og_url":"https:\/\/repair-care.com\/es\/producto\/contractor-starter-pack\/","og_site_name":"Repair Care | Stronger together","article_publisher":"https:\/\/www.facebook.com\/UKRepairCare\/","og_image":[{"width":2000,"height":2000,"url":"https:\/\/repair-care.com\/wp-content\/uploads\/2025\/06\/Contractor-starter-pack-1.png","type":"image\/png"}],"twitter_card":"summary_large_image","twitter_site":"@repaircareuk","schema":{"@context":"https:\/\/schema.org","@graph":[{"@type":"WebPage","@id":"https:\/\/repair-care.com\/es\/producto\/contractor-starter-pack\/","url":"https:\/\/repair-care.com\/es\/producto\/contractor-starter-pack\/","name":"Contractor starter pack - Repair Care | Stronger together","isPartOf":{"@id":"https:\/\/repair-care.com\/es\/#website"},"primaryImageOfPage":{"@id":"https:\/\/repair-care.com\/es\/producto\/contractor-starter-pack\/#primaryimage"},"image":{"@id":"https:\/\/repair-care.com\/es\/producto\/contractor-starter-pack\/#primaryimage"},"thumbnailUrl":"https:\/\/repair-care.com\/wp-content\/uploads\/2025\/06\/Contractor-starter-pack-1.png","datePublished":"2025-06-23T15:04:09+00:00","breadcrumb":{"@id":"https:\/\/repair-care.com\/es\/producto\/contractor-starter-pack\/#breadcrumb"},"inLanguage":"es","potentialAction":[{"@type":"ReadAction","target":["https:\/\/repair-care.com\/es\/producto\/contractor-starter-pack\/"]}]},{"@type":"ImageObject","inLanguage":"es","@id":"https:\/\/repair-care.com\/es\/producto\/contractor-starter-pack\/#primaryimage","url":"https:\/\/repair-care.com\/wp-content\/uploads\/2025\/06\/Contractor-starter-pack-1.png","contentUrl":"https:\/\/repair-care.com\/wp-content\/uploads\/2025\/06\/Contractor-starter-pack-1.png","width":2000,"height":2000},{"@type":"BreadcrumbList","@id":"https:\/\/repair-care.com\/es\/producto\/contractor-starter-pack\/#breadcrumb","itemListElement":[{"@type":"ListItem","position":1,"name":"Home","item":"https:\/\/repair-care.com\/es\/"},{"@type":"ListItem","position":2,"name":"Productos","item":"https:\/\/repair-care.com\/es\/productos\/"},{"@type":"ListItem","position":3,"name":"Contractor starter pack"}]},{"@type":"WebSite","@id":"https:\/\/repair-care.com\/es\/#website","url":"https:\/\/repair-care.com\/es\/","name":"Repair Care USA","description":"","publisher":{"@id":"https:\/\/repair-care.com\/es\/#organization"},"potentialAction":[{"@type":"SearchAction","target":{"@type":"EntryPoint","urlTemplate":"https:\/\/repair-care.com\/es\/?s={search_term_string}"},"query-input":{"@type":"PropertyValueSpecification","valueRequired":true,"valueName":"search_term_string"}}],"inLanguage":"es"},{"@type":"Organization","@id":"https:\/\/repair-care.com\/es\/#organization","name":"Repair Care","url":"https:\/\/repair-care.com\/es\/","logo":{"@type":"ImageObject","inLanguage":"es","@id":"https:\/\/repair-care.com\/es\/#\/schema\/logo\/image\/","url":"https:\/\/repair-care.com\/wp-content\/uploads\/2023\/11\/rc-logo-2024.svg","contentUrl":"https:\/\/repair-care.com\/wp-content\/uploads\/2023\/11\/rc-logo-2024.svg","caption":"Repair Care"},"image":{"@id":"https:\/\/repair-care.com\/es\/#\/schema\/logo\/image\/"},"sameAs":["https:\/\/www.facebook.com\/UKRepairCare\/","https:\/\/x.com\/repaircareuk","https:\/\/www.instagram.com\/repair_care_international_uk\/?hl=en","https:\/\/www.tiktok.com\/@repaircareuk"]}]}},"_links":{"self":[{"href":"https:\/\/repair-care.com\/es\/wp-json\/wp\/v2\/product\/152820","targetHints":{"allow":["GET"]}}],"collection":[{"href":"https:\/\/repair-care.com\/es\/wp-json\/wp\/v2\/product"}],"about":[{"href":"https:\/\/repair-care.com\/es\/wp-json\/wp\/v2\/types\/product"}],"wp:featuredmedia":[{"embeddable":true,"href":"https:\/\/repair-care.com\/es\/wp-json\/wp\/v2\/media\/134018"}],"wp:attachment":[{"href":"https:\/\/repair-care.com\/es\/wp-json\/wp\/v2\/media?parent=152820"}],"wp:term":[{"taxonomy":"product_brand","embeddable":true,"href":"https:\/\/repair-care.com\/es\/wp-json\/wp\/v2\/product_brand?post=152820"},{"taxonomy":"product_cat","embeddable":true,"href":"https:\/\/repair-care.com\/es\/wp-json\/wp\/v2\/product_cat?post=152820"},{"taxonomy":"product_tag","embeddable":true,"href":"https:\/\/repair-care.com\/es\/wp-json\/wp\/v2\/product_tag?post=152820"}],"curies":[{"name":"wp","href":"https:\/\/api.w.org\/{rel}","templated":true}]}}