{"id":146813,"date":"2023-11-23T08:52:48","date_gmt":"2023-11-23T13:52:48","guid":{"rendered":"https:\/\/repair-care.com\/?post_type=product&#038;p=146813"},"modified":"2026-02-12T09:22:10","modified_gmt":"2026-02-12T14:22:10","slug":"easyq-professional-dispensing-gun","status":"publish","type":"product","link":"https:\/\/repair-care.com\/es\/producto\/easyq-professional-dispensing-gun\/","title":{"rendered":"EASY\u2022Q\u2122 Professional dispensing gun"},"content":{"rendered":"<p><strong>Pistola de dispensaci\u00f3n de cartucho \u00fanico de alta resistencia para todos los productos DRY FLEX\u00ae 2-en-1 y otros selladores.<\/strong><\/p>\n<ul>\n<li>Construcci\u00f3n met\u00e1lica robusta con mango reforzado.<\/li>\n<li>Barril giratorio para una f\u00e1cil aplicaci\u00f3n del producto en todos los \u00e1ngulos.<\/li>\n<li>Mecanismo de engranaje para un dosificado f\u00e1cil y suave de productos viscosos.<\/li>\n<\/ul>\n","protected":false},"excerpt":{"rendered":"<p>Una pistola dispensadora de un solo cartucho, dise\u00f1ada especialmente, con un mango de dosificaci\u00f3n conveniente. Apropiado para su uso con todos los productos DRY FLEX\u00ae 2 en 1, as\u00ed como con otros selladores. La mejor pistola de calafateo en el mercado.<\/p>\n","protected":false},"featured_media":125735,"template":"","meta":{"_acf_changed":false},"product_brand":[],"product_cat":[219],"product_tag":[],"class_list":{"0":"post-146813","1":"product","2":"type-product","3":"status-publish","4":"has-post-thumbnail","6":"product_cat-sin-categoria","8":"first","9":"instock","10":"taxable","11":"shipping-taxable","12":"product-type-simple"},"acf":[],"yoast_head":"<!-- This site is optimized with the Yoast SEO plugin v24.6 - https:\/\/yoast.com\/wordpress\/plugins\/seo\/ -->\n<title>EASY\u2022Q\u2122 Professional dispensing gun - Repair Care | Stronger together<\/title>\n<meta name=\"robots\" content=\"index, follow, max-snippet:-1, max-image-preview:large, max-video-preview:-1\" \/>\n<link rel=\"canonical\" href=\"https:\/\/repair-care.com\/es\/producto\/easyq-professional-dispensing-gun\/\" \/>\n<meta property=\"og:locale\" content=\"es_ES\" \/>\n<meta property=\"og:type\" content=\"article\" \/>\n<meta property=\"og:title\" content=\"EASY\u2022Q\u2122 Professional dispensing gun - Repair Care | Stronger together\" \/>\n<meta property=\"og:description\" content=\"Una pistola dispensadora de un solo cartucho, dise\u00f1ada especialmente, con un mango de dosificaci\u00f3n conveniente. Apropiado para su uso con todos los productos DRY FLEX\u00ae 2 en 1, as\u00ed como con otros selladores. La mejor pistola de calafateo en el mercado.\" \/>\n<meta property=\"og:url\" content=\"https:\/\/repair-care.com\/es\/producto\/easyq-professional-dispensing-gun\/\" \/>\n<meta property=\"og:site_name\" content=\"Repair Care | Stronger together\" \/>\n<meta property=\"article:publisher\" content=\"https:\/\/www.facebook.com\/UKRepairCare\/\" \/>\n<meta property=\"article:modified_time\" content=\"2026-02-12T14:22:10+00:00\" \/>\n<meta property=\"og:image\" content=\"https:\/\/repair-care.com\/wp-content\/uploads\/2023\/11\/4511003-EASY\u2022Q\u2122-Professional-Dispensing-Gun-jpg.webp\" \/>\n\t<meta property=\"og:image:width\" content=\"700\" \/>\n\t<meta property=\"og:image:height\" content=\"700\" \/>\n\t<meta property=\"og:image:type\" content=\"image\/jpeg\" \/>\n<meta name=\"twitter:card\" content=\"summary_large_image\" \/>\n<meta name=\"twitter:site\" content=\"@repaircareuk\" \/>\n<script type=\"application\/ld+json\" class=\"yoast-schema-graph\">{\"@context\":\"https:\/\/schema.org\",\"@graph\":[{\"@type\":\"WebPage\",\"@id\":\"https:\/\/repair-care.com\/es\/producto\/easyq-professional-dispensing-gun\/\",\"url\":\"https:\/\/repair-care.com\/es\/producto\/easyq-professional-dispensing-gun\/\",\"name\":\"EASY\u2022Q\u2122 Professional dispensing gun - Repair Care | Stronger together\",\"isPartOf\":{\"@id\":\"https:\/\/repair-care.com\/es\/#website\"},\"primaryImageOfPage\":{\"@id\":\"https:\/\/repair-care.com\/es\/producto\/easyq-professional-dispensing-gun\/#primaryimage\"},\"image\":{\"@id\":\"https:\/\/repair-care.com\/es\/producto\/easyq-professional-dispensing-gun\/#primaryimage\"},\"thumbnailUrl\":\"https:\/\/repair-care.com\/wp-content\/uploads\/2023\/11\/4511003-EASY\u2022Q\u2122-Professional-Dispensing-Gun-jpg.webp\",\"datePublished\":\"2023-11-23T13:52:48+00:00\",\"dateModified\":\"2026-02-12T14:22:10+00:00\",\"breadcrumb\":{\"@id\":\"https:\/\/repair-care.com\/es\/producto\/easyq-professional-dispensing-gun\/#breadcrumb\"},\"inLanguage\":\"es\",\"potentialAction\":[{\"@type\":\"ReadAction\",\"target\":[\"https:\/\/repair-care.com\/es\/producto\/easyq-professional-dispensing-gun\/\"]}]},{\"@type\":\"ImageObject\",\"inLanguage\":\"es\",\"@id\":\"https:\/\/repair-care.com\/es\/producto\/easyq-professional-dispensing-gun\/#primaryimage\",\"url\":\"https:\/\/repair-care.com\/wp-content\/uploads\/2023\/11\/4511003-EASY\u2022Q\u2122-Professional-Dispensing-Gun-jpg.webp\",\"contentUrl\":\"https:\/\/repair-care.com\/wp-content\/uploads\/2023\/11\/4511003-EASY\u2022Q\u2122-Professional-Dispensing-Gun-jpg.webp\",\"width\":700,\"height\":700},{\"@type\":\"BreadcrumbList\",\"@id\":\"https:\/\/repair-care.com\/es\/producto\/easyq-professional-dispensing-gun\/#breadcrumb\",\"itemListElement\":[{\"@type\":\"ListItem\",\"position\":1,\"name\":\"Home\",\"item\":\"https:\/\/repair-care.com\/es\/\"},{\"@type\":\"ListItem\",\"position\":2,\"name\":\"Productos\",\"item\":\"https:\/\/repair-care.com\/es\/productos\/\"},{\"@type\":\"ListItem\",\"position\":3,\"name\":\"EASY\u2022Q\u2122 Professional dispensing gun\"}]},{\"@type\":\"WebSite\",\"@id\":\"https:\/\/repair-care.com\/es\/#website\",\"url\":\"https:\/\/repair-care.com\/es\/\",\"name\":\"Repair Care USA\",\"description\":\"\",\"publisher\":{\"@id\":\"https:\/\/repair-care.com\/es\/#organization\"},\"potentialAction\":[{\"@type\":\"SearchAction\",\"target\":{\"@type\":\"EntryPoint\",\"urlTemplate\":\"https:\/\/repair-care.com\/es\/?s={search_term_string}\"},\"query-input\":{\"@type\":\"PropertyValueSpecification\",\"valueRequired\":true,\"valueName\":\"search_term_string\"}}],\"inLanguage\":\"es\"},{\"@type\":\"Organization\",\"@id\":\"https:\/\/repair-care.com\/es\/#organization\",\"name\":\"Repair Care\",\"url\":\"https:\/\/repair-care.com\/es\/\",\"logo\":{\"@type\":\"ImageObject\",\"inLanguage\":\"es\",\"@id\":\"https:\/\/repair-care.com\/es\/#\/schema\/logo\/image\/\",\"url\":\"https:\/\/repair-care.com\/wp-content\/uploads\/2023\/11\/rc-logo-2024.svg\",\"contentUrl\":\"https:\/\/repair-care.com\/wp-content\/uploads\/2023\/11\/rc-logo-2024.svg\",\"caption\":\"Repair Care\"},\"image\":{\"@id\":\"https:\/\/repair-care.com\/es\/#\/schema\/logo\/image\/\"},\"sameAs\":[\"https:\/\/www.facebook.com\/UKRepairCare\/\",\"https:\/\/x.com\/repaircareuk\",\"https:\/\/www.instagram.com\/repair_care_international_uk\/?hl=en\",\"https:\/\/www.tiktok.com\/@repaircareuk\"]}]}<\/script>\n<!-- \/ Yoast SEO plugin. -->","yoast_head_json":{"title":"EASY\u2022Q\u2122 Professional dispensing gun - Repair Care | Stronger together","robots":{"index":"index","follow":"follow","max-snippet":"max-snippet:-1","max-image-preview":"max-image-preview:large","max-video-preview":"max-video-preview:-1"},"canonical":"https:\/\/repair-care.com\/es\/producto\/easyq-professional-dispensing-gun\/","og_locale":"es_ES","og_type":"article","og_title":"EASY\u2022Q\u2122 Professional dispensing gun - Repair Care | Stronger together","og_description":"Una pistola dispensadora de un solo cartucho, dise\u00f1ada especialmente, con un mango de dosificaci\u00f3n conveniente. Apropiado para su uso con todos los productos DRY FLEX\u00ae 2 en 1, as\u00ed como con otros selladores. La mejor pistola de calafateo en el mercado.","og_url":"https:\/\/repair-care.com\/es\/producto\/easyq-professional-dispensing-gun\/","og_site_name":"Repair Care | Stronger together","article_publisher":"https:\/\/www.facebook.com\/UKRepairCare\/","article_modified_time":"2026-02-12T14:22:10+00:00","og_image":[{"width":700,"height":700,"url":"https:\/\/repair-care.com\/wp-content\/uploads\/2023\/11\/4511003-EASY\u2022Q\u2122-Professional-Dispensing-Gun-jpg.webp","type":"image\/jpeg"}],"twitter_card":"summary_large_image","twitter_site":"@repaircareuk","schema":{"@context":"https:\/\/schema.org","@graph":[{"@type":"WebPage","@id":"https:\/\/repair-care.com\/es\/producto\/easyq-professional-dispensing-gun\/","url":"https:\/\/repair-care.com\/es\/producto\/easyq-professional-dispensing-gun\/","name":"EASY\u2022Q\u2122 Professional dispensing gun - Repair Care | Stronger together","isPartOf":{"@id":"https:\/\/repair-care.com\/es\/#website"},"primaryImageOfPage":{"@id":"https:\/\/repair-care.com\/es\/producto\/easyq-professional-dispensing-gun\/#primaryimage"},"image":{"@id":"https:\/\/repair-care.com\/es\/producto\/easyq-professional-dispensing-gun\/#primaryimage"},"thumbnailUrl":"https:\/\/repair-care.com\/wp-content\/uploads\/2023\/11\/4511003-EASY\u2022Q\u2122-Professional-Dispensing-Gun-jpg.webp","datePublished":"2023-11-23T13:52:48+00:00","dateModified":"2026-02-12T14:22:10+00:00","breadcrumb":{"@id":"https:\/\/repair-care.com\/es\/producto\/easyq-professional-dispensing-gun\/#breadcrumb"},"inLanguage":"es","potentialAction":[{"@type":"ReadAction","target":["https:\/\/repair-care.com\/es\/producto\/easyq-professional-dispensing-gun\/"]}]},{"@type":"ImageObject","inLanguage":"es","@id":"https:\/\/repair-care.com\/es\/producto\/easyq-professional-dispensing-gun\/#primaryimage","url":"https:\/\/repair-care.com\/wp-content\/uploads\/2023\/11\/4511003-EASY\u2022Q\u2122-Professional-Dispensing-Gun-jpg.webp","contentUrl":"https:\/\/repair-care.com\/wp-content\/uploads\/2023\/11\/4511003-EASY\u2022Q\u2122-Professional-Dispensing-Gun-jpg.webp","width":700,"height":700},{"@type":"BreadcrumbList","@id":"https:\/\/repair-care.com\/es\/producto\/easyq-professional-dispensing-gun\/#breadcrumb","itemListElement":[{"@type":"ListItem","position":1,"name":"Home","item":"https:\/\/repair-care.com\/es\/"},{"@type":"ListItem","position":2,"name":"Productos","item":"https:\/\/repair-care.com\/es\/productos\/"},{"@type":"ListItem","position":3,"name":"EASY\u2022Q\u2122 Professional dispensing gun"}]},{"@type":"WebSite","@id":"https:\/\/repair-care.com\/es\/#website","url":"https:\/\/repair-care.com\/es\/","name":"Repair Care USA","description":"","publisher":{"@id":"https:\/\/repair-care.com\/es\/#organization"},"potentialAction":[{"@type":"SearchAction","target":{"@type":"EntryPoint","urlTemplate":"https:\/\/repair-care.com\/es\/?s={search_term_string}"},"query-input":{"@type":"PropertyValueSpecification","valueRequired":true,"valueName":"search_term_string"}}],"inLanguage":"es"},{"@type":"Organization","@id":"https:\/\/repair-care.com\/es\/#organization","name":"Repair Care","url":"https:\/\/repair-care.com\/es\/","logo":{"@type":"ImageObject","inLanguage":"es","@id":"https:\/\/repair-care.com\/es\/#\/schema\/logo\/image\/","url":"https:\/\/repair-care.com\/wp-content\/uploads\/2023\/11\/rc-logo-2024.svg","contentUrl":"https:\/\/repair-care.com\/wp-content\/uploads\/2023\/11\/rc-logo-2024.svg","caption":"Repair Care"},"image":{"@id":"https:\/\/repair-care.com\/es\/#\/schema\/logo\/image\/"},"sameAs":["https:\/\/www.facebook.com\/UKRepairCare\/","https:\/\/x.com\/repaircareuk","https:\/\/www.instagram.com\/repair_care_international_uk\/?hl=en","https:\/\/www.tiktok.com\/@repaircareuk"]}]}},"_links":{"self":[{"href":"https:\/\/repair-care.com\/es\/wp-json\/wp\/v2\/product\/146813","targetHints":{"allow":["GET"]}}],"collection":[{"href":"https:\/\/repair-care.com\/es\/wp-json\/wp\/v2\/product"}],"about":[{"href":"https:\/\/repair-care.com\/es\/wp-json\/wp\/v2\/types\/product"}],"wp:featuredmedia":[{"embeddable":true,"href":"https:\/\/repair-care.com\/es\/wp-json\/wp\/v2\/media\/125735"}],"wp:attachment":[{"href":"https:\/\/repair-care.com\/es\/wp-json\/wp\/v2\/media?parent=146813"}],"wp:term":[{"taxonomy":"product_brand","embeddable":true,"href":"https:\/\/repair-care.com\/es\/wp-json\/wp\/v2\/product_brand?post=146813"},{"taxonomy":"product_cat","embeddable":true,"href":"https:\/\/repair-care.com\/es\/wp-json\/wp\/v2\/product_cat?post=146813"},{"taxonomy":"product_tag","embeddable":true,"href":"https:\/\/repair-care.com\/es\/wp-json\/wp\/v2\/product_tag?post=146813"}],"curies":[{"name":"wp","href":"https:\/\/api.w.org\/{rel}","templated":true}]}}