{"id":146789,"date":"2023-11-23T08:52:48","date_gmt":"2023-11-23T13:52:48","guid":{"rendered":"https:\/\/repair-care.com\/?post_type=product&#038;p=146789"},"modified":"2026-02-12T09:21:53","modified_gmt":"2026-02-12T14:21:53","slug":"easyq-set-stainless-steel-knives","status":"publish","type":"product","link":"https:\/\/repair-care.com\/es\/producto\/easyq-set-stainless-steel-knives\/","title":{"rendered":"EASY\u2022Q\u2122 Set stainless steel knives"},"content":{"rendered":"<ul>\n<li>La forma \u00fanica de la hoja de acero inoxidable con bordes en \u00e1ngulo recto facilita la formaci\u00f3n de esquinas precisas.<\/li>\n<li>F\u00e1cil de limpiar con EASY\u2022Q\u2122 TOALLITAS.<\/li>\n<li>Mangos largos y ergon\u00f3micos para un agarre c\u00f3modo y un trabajo limpio.<\/li>\n<li>Este conjunto incluye cuatro cuchillos de modelado:\n<ul>\n<li>1,18\u201d\/3 cm: para aplicar DRY FLEX\u00ae<\/li>\n<li>1,97\u201d\/5 cm: para mezclar DRY FLEX\u00ae<\/li>\n<li>3,94\u201d\/10 cm: para reparaciones m\u00e1s peque\u00f1as<\/li>\n<li>5,91\u201d\/15 cm: para reparaciones m\u00e1s grandes<\/li>\n<\/ul>\n<\/li>\n<\/ul>\n","protected":false},"excerpt":{"rendered":"<p>Los cuchillos de acero inoxidable EASY\u2022Q\u2122 cuentan con hojas dise\u00f1adas de manera \u00fanica con bordes en \u00e1ngulo recto. Cada cuchillo de modelado es f\u00e1cil de limpiar con EASY\u2022Q\u2122 WIPES y est\u00e1 equipado con un mango largo y ergon\u00f3mico para un agarre seguro.<\/p>\n<p>El juego de cuchillos incluye cuatro tama\u00f1os diferentes, cada uno con su funci\u00f3n espec\u00edfica:<\/p>\n<ul>\n<li>1,18\u201d\/3 cm: para untar y construir una reparaci\u00f3n<\/li>\n<li>1,97\u201d\/5 cm: para mezclar DRY FLEX\u00ae<\/li>\n<li>3,94\u201d\/10 cm: para dar forma a una peque\u00f1a esquina o \u00e1rea<\/li>\n<li>5,91\u201d\/15 cm: para dar forma a una esquina o \u00e1rea grande<\/li>\n<\/ul>\n","protected":false},"featured_media":125391,"template":"","meta":{"_acf_changed":false},"product_brand":[],"product_cat":[283,219],"product_tag":[],"class_list":{"0":"post-146789","1":"product","2":"type-product","3":"status-publish","4":"has-post-thumbnail","6":"product_cat-sin-categoria-2","7":"product_cat-sin-categoria","9":"first","10":"instock","11":"taxable","12":"shipping-taxable","13":"product-type-simple"},"acf":[],"yoast_head":"<!-- This site is optimized with the Yoast SEO plugin v24.6 - https:\/\/yoast.com\/wordpress\/plugins\/seo\/ -->\n<title>EASY\u2022Q\u2122 Set stainless steel knives - Repair Care | Stronger together<\/title>\n<meta name=\"robots\" content=\"index, follow, max-snippet:-1, max-image-preview:large, max-video-preview:-1\" \/>\n<link rel=\"canonical\" href=\"https:\/\/repair-care.com\/es\/producto\/easyq-set-stainless-steel-knives\/\" \/>\n<meta property=\"og:locale\" content=\"es_ES\" \/>\n<meta property=\"og:type\" content=\"article\" \/>\n<meta property=\"og:title\" content=\"EASY\u2022Q\u2122 Set stainless steel knives - Repair Care | Stronger together\" \/>\n<meta property=\"og:description\" content=\"Los cuchillos de acero inoxidable EASY\u2022Q\u2122 cuentan con hojas dise\u00f1adas de manera \u00fanica con bordes en \u00e1ngulo recto. Cada cuchillo de modelado es f\u00e1cil de limpiar con EASY\u2022Q\u2122 WIPES y est\u00e1 equipado con un mango largo y ergon\u00f3mico para un agarre seguro.  El juego de cuchillos incluye cuatro tama\u00f1os diferentes, cada uno con su funci\u00f3n espec\u00edfica:   1,18\u201d\/3 cm: para untar y construir una reparaci\u00f3n  1,97\u201d\/5 cm: para mezclar DRY FLEX\u00ae  3,94\u201d\/10 cm: para dar forma a una peque\u00f1a esquina o \u00e1rea  5,91\u201d\/15 cm: para dar forma a una esquina o \u00e1rea grande\" \/>\n<meta property=\"og:url\" content=\"https:\/\/repair-care.com\/es\/producto\/easyq-set-stainless-steel-knives\/\" \/>\n<meta property=\"og:site_name\" content=\"Repair Care | Stronger together\" \/>\n<meta property=\"article:publisher\" content=\"https:\/\/www.facebook.com\/UKRepairCare\/\" \/>\n<meta property=\"article:modified_time\" content=\"2026-02-12T14:21:53+00:00\" \/>\n<meta property=\"og:image\" content=\"https:\/\/repair-care.com\/wp-content\/uploads\/2023\/11\/easy-q-rvs-messen-jpg.webp\" \/>\n\t<meta property=\"og:image:width\" content=\"800\" \/>\n\t<meta property=\"og:image:height\" content=\"800\" \/>\n\t<meta property=\"og:image:type\" content=\"image\/jpeg\" \/>\n<meta name=\"twitter:card\" content=\"summary_large_image\" \/>\n<meta name=\"twitter:site\" content=\"@repaircareuk\" \/>\n<script type=\"application\/ld+json\" class=\"yoast-schema-graph\">{\"@context\":\"https:\/\/schema.org\",\"@graph\":[{\"@type\":\"WebPage\",\"@id\":\"https:\/\/repair-care.com\/es\/producto\/easyq-set-stainless-steel-knives\/\",\"url\":\"https:\/\/repair-care.com\/es\/producto\/easyq-set-stainless-steel-knives\/\",\"name\":\"EASY\u2022Q\u2122 Set stainless steel knives - Repair Care | Stronger together\",\"isPartOf\":{\"@id\":\"https:\/\/repair-care.com\/es\/#website\"},\"primaryImageOfPage\":{\"@id\":\"https:\/\/repair-care.com\/es\/producto\/easyq-set-stainless-steel-knives\/#primaryimage\"},\"image\":{\"@id\":\"https:\/\/repair-care.com\/es\/producto\/easyq-set-stainless-steel-knives\/#primaryimage\"},\"thumbnailUrl\":\"https:\/\/repair-care.com\/wp-content\/uploads\/2023\/11\/easy-q-rvs-messen-jpg.webp\",\"datePublished\":\"2023-11-23T13:52:48+00:00\",\"dateModified\":\"2026-02-12T14:21:53+00:00\",\"breadcrumb\":{\"@id\":\"https:\/\/repair-care.com\/es\/producto\/easyq-set-stainless-steel-knives\/#breadcrumb\"},\"inLanguage\":\"es\",\"potentialAction\":[{\"@type\":\"ReadAction\",\"target\":[\"https:\/\/repair-care.com\/es\/producto\/easyq-set-stainless-steel-knives\/\"]}]},{\"@type\":\"ImageObject\",\"inLanguage\":\"es\",\"@id\":\"https:\/\/repair-care.com\/es\/producto\/easyq-set-stainless-steel-knives\/#primaryimage\",\"url\":\"https:\/\/repair-care.com\/wp-content\/uploads\/2023\/11\/easy-q-rvs-messen-jpg.webp\",\"contentUrl\":\"https:\/\/repair-care.com\/wp-content\/uploads\/2023\/11\/easy-q-rvs-messen-jpg.webp\",\"width\":800,\"height\":800},{\"@type\":\"BreadcrumbList\",\"@id\":\"https:\/\/repair-care.com\/es\/producto\/easyq-set-stainless-steel-knives\/#breadcrumb\",\"itemListElement\":[{\"@type\":\"ListItem\",\"position\":1,\"name\":\"Home\",\"item\":\"https:\/\/repair-care.com\/es\/\"},{\"@type\":\"ListItem\",\"position\":2,\"name\":\"Productos\",\"item\":\"https:\/\/repair-care.com\/es\/productos\/\"},{\"@type\":\"ListItem\",\"position\":3,\"name\":\"EASY\u2022Q\u2122 Set stainless steel knives\"}]},{\"@type\":\"WebSite\",\"@id\":\"https:\/\/repair-care.com\/es\/#website\",\"url\":\"https:\/\/repair-care.com\/es\/\",\"name\":\"Repair Care USA\",\"description\":\"\",\"publisher\":{\"@id\":\"https:\/\/repair-care.com\/es\/#organization\"},\"potentialAction\":[{\"@type\":\"SearchAction\",\"target\":{\"@type\":\"EntryPoint\",\"urlTemplate\":\"https:\/\/repair-care.com\/es\/?s={search_term_string}\"},\"query-input\":{\"@type\":\"PropertyValueSpecification\",\"valueRequired\":true,\"valueName\":\"search_term_string\"}}],\"inLanguage\":\"es\"},{\"@type\":\"Organization\",\"@id\":\"https:\/\/repair-care.com\/es\/#organization\",\"name\":\"Repair Care\",\"url\":\"https:\/\/repair-care.com\/es\/\",\"logo\":{\"@type\":\"ImageObject\",\"inLanguage\":\"es\",\"@id\":\"https:\/\/repair-care.com\/es\/#\/schema\/logo\/image\/\",\"url\":\"https:\/\/repair-care.com\/wp-content\/uploads\/2023\/11\/rc-logo-2024.svg\",\"contentUrl\":\"https:\/\/repair-care.com\/wp-content\/uploads\/2023\/11\/rc-logo-2024.svg\",\"caption\":\"Repair Care\"},\"image\":{\"@id\":\"https:\/\/repair-care.com\/es\/#\/schema\/logo\/image\/\"},\"sameAs\":[\"https:\/\/www.facebook.com\/UKRepairCare\/\",\"https:\/\/x.com\/repaircareuk\",\"https:\/\/www.instagram.com\/repair_care_international_uk\/?hl=en\",\"https:\/\/www.tiktok.com\/@repaircareuk\"]}]}<\/script>\n<!-- \/ Yoast SEO plugin. -->","yoast_head_json":{"title":"EASY\u2022Q\u2122 Set stainless steel knives - Repair Care | Stronger together","robots":{"index":"index","follow":"follow","max-snippet":"max-snippet:-1","max-image-preview":"max-image-preview:large","max-video-preview":"max-video-preview:-1"},"canonical":"https:\/\/repair-care.com\/es\/producto\/easyq-set-stainless-steel-knives\/","og_locale":"es_ES","og_type":"article","og_title":"EASY\u2022Q\u2122 Set stainless steel knives - Repair Care | Stronger together","og_description":"Los cuchillos de acero inoxidable EASY\u2022Q\u2122 cuentan con hojas dise\u00f1adas de manera \u00fanica con bordes en \u00e1ngulo recto. Cada cuchillo de modelado es f\u00e1cil de limpiar con EASY\u2022Q\u2122 WIPES y est\u00e1 equipado con un mango largo y ergon\u00f3mico para un agarre seguro.  El juego de cuchillos incluye cuatro tama\u00f1os diferentes, cada uno con su funci\u00f3n espec\u00edfica:   1,18\u201d\/3 cm: para untar y construir una reparaci\u00f3n  1,97\u201d\/5 cm: para mezclar DRY FLEX\u00ae  3,94\u201d\/10 cm: para dar forma a una peque\u00f1a esquina o \u00e1rea  5,91\u201d\/15 cm: para dar forma a una esquina o \u00e1rea grande","og_url":"https:\/\/repair-care.com\/es\/producto\/easyq-set-stainless-steel-knives\/","og_site_name":"Repair Care | Stronger together","article_publisher":"https:\/\/www.facebook.com\/UKRepairCare\/","article_modified_time":"2026-02-12T14:21:53+00:00","og_image":[{"width":800,"height":800,"url":"https:\/\/repair-care.com\/wp-content\/uploads\/2023\/11\/easy-q-rvs-messen-jpg.webp","type":"image\/jpeg"}],"twitter_card":"summary_large_image","twitter_site":"@repaircareuk","schema":{"@context":"https:\/\/schema.org","@graph":[{"@type":"WebPage","@id":"https:\/\/repair-care.com\/es\/producto\/easyq-set-stainless-steel-knives\/","url":"https:\/\/repair-care.com\/es\/producto\/easyq-set-stainless-steel-knives\/","name":"EASY\u2022Q\u2122 Set stainless steel knives - Repair Care | Stronger together","isPartOf":{"@id":"https:\/\/repair-care.com\/es\/#website"},"primaryImageOfPage":{"@id":"https:\/\/repair-care.com\/es\/producto\/easyq-set-stainless-steel-knives\/#primaryimage"},"image":{"@id":"https:\/\/repair-care.com\/es\/producto\/easyq-set-stainless-steel-knives\/#primaryimage"},"thumbnailUrl":"https:\/\/repair-care.com\/wp-content\/uploads\/2023\/11\/easy-q-rvs-messen-jpg.webp","datePublished":"2023-11-23T13:52:48+00:00","dateModified":"2026-02-12T14:21:53+00:00","breadcrumb":{"@id":"https:\/\/repair-care.com\/es\/producto\/easyq-set-stainless-steel-knives\/#breadcrumb"},"inLanguage":"es","potentialAction":[{"@type":"ReadAction","target":["https:\/\/repair-care.com\/es\/producto\/easyq-set-stainless-steel-knives\/"]}]},{"@type":"ImageObject","inLanguage":"es","@id":"https:\/\/repair-care.com\/es\/producto\/easyq-set-stainless-steel-knives\/#primaryimage","url":"https:\/\/repair-care.com\/wp-content\/uploads\/2023\/11\/easy-q-rvs-messen-jpg.webp","contentUrl":"https:\/\/repair-care.com\/wp-content\/uploads\/2023\/11\/easy-q-rvs-messen-jpg.webp","width":800,"height":800},{"@type":"BreadcrumbList","@id":"https:\/\/repair-care.com\/es\/producto\/easyq-set-stainless-steel-knives\/#breadcrumb","itemListElement":[{"@type":"ListItem","position":1,"name":"Home","item":"https:\/\/repair-care.com\/es\/"},{"@type":"ListItem","position":2,"name":"Productos","item":"https:\/\/repair-care.com\/es\/productos\/"},{"@type":"ListItem","position":3,"name":"EASY\u2022Q\u2122 Set stainless steel knives"}]},{"@type":"WebSite","@id":"https:\/\/repair-care.com\/es\/#website","url":"https:\/\/repair-care.com\/es\/","name":"Repair Care USA","description":"","publisher":{"@id":"https:\/\/repair-care.com\/es\/#organization"},"potentialAction":[{"@type":"SearchAction","target":{"@type":"EntryPoint","urlTemplate":"https:\/\/repair-care.com\/es\/?s={search_term_string}"},"query-input":{"@type":"PropertyValueSpecification","valueRequired":true,"valueName":"search_term_string"}}],"inLanguage":"es"},{"@type":"Organization","@id":"https:\/\/repair-care.com\/es\/#organization","name":"Repair Care","url":"https:\/\/repair-care.com\/es\/","logo":{"@type":"ImageObject","inLanguage":"es","@id":"https:\/\/repair-care.com\/es\/#\/schema\/logo\/image\/","url":"https:\/\/repair-care.com\/wp-content\/uploads\/2023\/11\/rc-logo-2024.svg","contentUrl":"https:\/\/repair-care.com\/wp-content\/uploads\/2023\/11\/rc-logo-2024.svg","caption":"Repair Care"},"image":{"@id":"https:\/\/repair-care.com\/es\/#\/schema\/logo\/image\/"},"sameAs":["https:\/\/www.facebook.com\/UKRepairCare\/","https:\/\/x.com\/repaircareuk","https:\/\/www.instagram.com\/repair_care_international_uk\/?hl=en","https:\/\/www.tiktok.com\/@repaircareuk"]}]}},"_links":{"self":[{"href":"https:\/\/repair-care.com\/es\/wp-json\/wp\/v2\/product\/146789","targetHints":{"allow":["GET"]}}],"collection":[{"href":"https:\/\/repair-care.com\/es\/wp-json\/wp\/v2\/product"}],"about":[{"href":"https:\/\/repair-care.com\/es\/wp-json\/wp\/v2\/types\/product"}],"wp:featuredmedia":[{"embeddable":true,"href":"https:\/\/repair-care.com\/es\/wp-json\/wp\/v2\/media\/125391"}],"wp:attachment":[{"href":"https:\/\/repair-care.com\/es\/wp-json\/wp\/v2\/media?parent=146789"}],"wp:term":[{"taxonomy":"product_brand","embeddable":true,"href":"https:\/\/repair-care.com\/es\/wp-json\/wp\/v2\/product_brand?post=146789"},{"taxonomy":"product_cat","embeddable":true,"href":"https:\/\/repair-care.com\/es\/wp-json\/wp\/v2\/product_cat?post=146789"},{"taxonomy":"product_tag","embeddable":true,"href":"https:\/\/repair-care.com\/es\/wp-json\/wp\/v2\/product_tag?post=146789"}],"curies":[{"name":"wp","href":"https:\/\/api.w.org\/{rel}","templated":true}]}}