{"id":146734,"date":"2023-11-23T08:52:48","date_gmt":"2023-11-23T13:52:48","guid":{"rendered":"https:\/\/repair-care.com\/?post_type=product&#038;p=146734"},"modified":"2026-02-12T09:20:52","modified_gmt":"2026-02-12T14:20:52","slug":"easyq-wood-condition-meter-cs1","status":"publish","type":"product","link":"https:\/\/repair-care.com\/es\/producto\/easyq-wood-condition-meter-cs1\/","title":{"rendered":"EASY\u2022Q\u2122 Wood condition meter CS1"},"content":{"rendered":"<ul>\n<li>Sistema de sem\u00e1foro simple y aviso audible para lecturas r\u00e1pidas.<\/li>\n<li>Equipado con una funci\u00f3n de verificaci\u00f3n de bater\u00eda (bater\u00eda incluida).<\/li>\n<\/ul>\n","protected":false},"excerpt":{"rendered":"<p>Higr\u00f3metro de madera para medir el contenido de humedad.\u00a0Cuando la madera posee un contenido de humedad demasiado elevado o bajo, continuar\u00e1 variando tras la reparaci\u00f3n, lo que puede derivar en superficies irregulares, acabados agrietados y uniones inestables.<\/p>\n","protected":false},"featured_media":125394,"template":"","meta":{"_acf_changed":false},"product_brand":[],"product_cat":[219,283],"product_tag":[],"class_list":{"0":"post-146734","1":"product","2":"type-product","3":"status-publish","4":"has-post-thumbnail","6":"product_cat-sin-categoria","7":"product_cat-sin-categoria-2","9":"first","10":"instock","11":"taxable","12":"shipping-taxable","13":"product-type-simple"},"acf":[],"yoast_head":"<!-- This site is optimized with the Yoast SEO plugin v24.6 - https:\/\/yoast.com\/wordpress\/plugins\/seo\/ -->\n<title>EASY\u2022Q\u2122 Wood condition meter CS1 - Repair Care | Stronger together<\/title>\n<meta name=\"robots\" content=\"index, follow, max-snippet:-1, max-image-preview:large, max-video-preview:-1\" \/>\n<link rel=\"canonical\" href=\"https:\/\/repair-care.com\/es\/producto\/easyq-wood-condition-meter-cs1\/\" \/>\n<meta property=\"og:locale\" content=\"es_ES\" \/>\n<meta property=\"og:type\" content=\"article\" \/>\n<meta property=\"og:title\" content=\"EASY\u2022Q\u2122 Wood condition meter CS1 - Repair Care | Stronger together\" \/>\n<meta property=\"og:description\" content=\"Higr\u00f3metro de madera para medir el contenido de humedad.\u00a0Cuando la madera posee un contenido de humedad demasiado elevado o bajo, continuar\u00e1 variando tras la reparaci\u00f3n, lo que puede derivar en superficies irregulares, acabados agrietados y uniones inestables.\" \/>\n<meta property=\"og:url\" content=\"https:\/\/repair-care.com\/es\/producto\/easyq-wood-condition-meter-cs1\/\" \/>\n<meta property=\"og:site_name\" content=\"Repair Care | Stronger together\" \/>\n<meta property=\"article:publisher\" content=\"https:\/\/www.facebook.com\/UKRepairCare\/\" \/>\n<meta property=\"article:modified_time\" content=\"2026-02-12T14:20:52+00:00\" \/>\n<meta property=\"og:image\" content=\"https:\/\/repair-care.com\/wp-content\/uploads\/2023\/11\/easyq-cs1-houtvochtmeter-jpg.webp\" \/>\n\t<meta property=\"og:image:width\" content=\"800\" \/>\n\t<meta property=\"og:image:height\" content=\"800\" \/>\n\t<meta property=\"og:image:type\" content=\"image\/jpeg\" \/>\n<meta name=\"twitter:card\" content=\"summary_large_image\" \/>\n<meta name=\"twitter:site\" content=\"@repaircareuk\" \/>\n<script type=\"application\/ld+json\" class=\"yoast-schema-graph\">{\"@context\":\"https:\/\/schema.org\",\"@graph\":[{\"@type\":\"WebPage\",\"@id\":\"https:\/\/repair-care.com\/es\/producto\/easyq-wood-condition-meter-cs1\/\",\"url\":\"https:\/\/repair-care.com\/es\/producto\/easyq-wood-condition-meter-cs1\/\",\"name\":\"EASY\u2022Q\u2122 Wood condition meter CS1 - Repair Care | Stronger together\",\"isPartOf\":{\"@id\":\"https:\/\/repair-care.com\/es\/#website\"},\"primaryImageOfPage\":{\"@id\":\"https:\/\/repair-care.com\/es\/producto\/easyq-wood-condition-meter-cs1\/#primaryimage\"},\"image\":{\"@id\":\"https:\/\/repair-care.com\/es\/producto\/easyq-wood-condition-meter-cs1\/#primaryimage\"},\"thumbnailUrl\":\"https:\/\/repair-care.com\/wp-content\/uploads\/2023\/11\/easyq-cs1-houtvochtmeter-jpg.webp\",\"datePublished\":\"2023-11-23T13:52:48+00:00\",\"dateModified\":\"2026-02-12T14:20:52+00:00\",\"breadcrumb\":{\"@id\":\"https:\/\/repair-care.com\/es\/producto\/easyq-wood-condition-meter-cs1\/#breadcrumb\"},\"inLanguage\":\"es\",\"potentialAction\":[{\"@type\":\"ReadAction\",\"target\":[\"https:\/\/repair-care.com\/es\/producto\/easyq-wood-condition-meter-cs1\/\"]}]},{\"@type\":\"ImageObject\",\"inLanguage\":\"es\",\"@id\":\"https:\/\/repair-care.com\/es\/producto\/easyq-wood-condition-meter-cs1\/#primaryimage\",\"url\":\"https:\/\/repair-care.com\/wp-content\/uploads\/2023\/11\/easyq-cs1-houtvochtmeter-jpg.webp\",\"contentUrl\":\"https:\/\/repair-care.com\/wp-content\/uploads\/2023\/11\/easyq-cs1-houtvochtmeter-jpg.webp\",\"width\":800,\"height\":800},{\"@type\":\"BreadcrumbList\",\"@id\":\"https:\/\/repair-care.com\/es\/producto\/easyq-wood-condition-meter-cs1\/#breadcrumb\",\"itemListElement\":[{\"@type\":\"ListItem\",\"position\":1,\"name\":\"Home\",\"item\":\"https:\/\/repair-care.com\/es\/\"},{\"@type\":\"ListItem\",\"position\":2,\"name\":\"Productos\",\"item\":\"https:\/\/repair-care.com\/es\/productos\/\"},{\"@type\":\"ListItem\",\"position\":3,\"name\":\"EASY\u2022Q\u2122 Wood condition meter CS1\"}]},{\"@type\":\"WebSite\",\"@id\":\"https:\/\/repair-care.com\/es\/#website\",\"url\":\"https:\/\/repair-care.com\/es\/\",\"name\":\"Repair Care USA\",\"description\":\"\",\"publisher\":{\"@id\":\"https:\/\/repair-care.com\/es\/#organization\"},\"potentialAction\":[{\"@type\":\"SearchAction\",\"target\":{\"@type\":\"EntryPoint\",\"urlTemplate\":\"https:\/\/repair-care.com\/es\/?s={search_term_string}\"},\"query-input\":{\"@type\":\"PropertyValueSpecification\",\"valueRequired\":true,\"valueName\":\"search_term_string\"}}],\"inLanguage\":\"es\"},{\"@type\":\"Organization\",\"@id\":\"https:\/\/repair-care.com\/es\/#organization\",\"name\":\"Repair Care\",\"url\":\"https:\/\/repair-care.com\/es\/\",\"logo\":{\"@type\":\"ImageObject\",\"inLanguage\":\"es\",\"@id\":\"https:\/\/repair-care.com\/es\/#\/schema\/logo\/image\/\",\"url\":\"https:\/\/repair-care.com\/wp-content\/uploads\/2023\/11\/rc-logo-2024.svg\",\"contentUrl\":\"https:\/\/repair-care.com\/wp-content\/uploads\/2023\/11\/rc-logo-2024.svg\",\"caption\":\"Repair Care\"},\"image\":{\"@id\":\"https:\/\/repair-care.com\/es\/#\/schema\/logo\/image\/\"},\"sameAs\":[\"https:\/\/www.facebook.com\/UKRepairCare\/\",\"https:\/\/x.com\/repaircareuk\",\"https:\/\/www.instagram.com\/repair_care_international_uk\/?hl=en\",\"https:\/\/www.tiktok.com\/@repaircareuk\"]}]}<\/script>\n<!-- \/ Yoast SEO plugin. -->","yoast_head_json":{"title":"EASY\u2022Q\u2122 Wood condition meter CS1 - Repair Care | Stronger together","robots":{"index":"index","follow":"follow","max-snippet":"max-snippet:-1","max-image-preview":"max-image-preview:large","max-video-preview":"max-video-preview:-1"},"canonical":"https:\/\/repair-care.com\/es\/producto\/easyq-wood-condition-meter-cs1\/","og_locale":"es_ES","og_type":"article","og_title":"EASY\u2022Q\u2122 Wood condition meter CS1 - Repair Care | Stronger together","og_description":"Higr\u00f3metro de madera para medir el contenido de humedad.\u00a0Cuando la madera posee un contenido de humedad demasiado elevado o bajo, continuar\u00e1 variando tras la reparaci\u00f3n, lo que puede derivar en superficies irregulares, acabados agrietados y uniones inestables.","og_url":"https:\/\/repair-care.com\/es\/producto\/easyq-wood-condition-meter-cs1\/","og_site_name":"Repair Care | Stronger together","article_publisher":"https:\/\/www.facebook.com\/UKRepairCare\/","article_modified_time":"2026-02-12T14:20:52+00:00","og_image":[{"width":800,"height":800,"url":"https:\/\/repair-care.com\/wp-content\/uploads\/2023\/11\/easyq-cs1-houtvochtmeter-jpg.webp","type":"image\/jpeg"}],"twitter_card":"summary_large_image","twitter_site":"@repaircareuk","schema":{"@context":"https:\/\/schema.org","@graph":[{"@type":"WebPage","@id":"https:\/\/repair-care.com\/es\/producto\/easyq-wood-condition-meter-cs1\/","url":"https:\/\/repair-care.com\/es\/producto\/easyq-wood-condition-meter-cs1\/","name":"EASY\u2022Q\u2122 Wood condition meter CS1 - Repair Care | Stronger together","isPartOf":{"@id":"https:\/\/repair-care.com\/es\/#website"},"primaryImageOfPage":{"@id":"https:\/\/repair-care.com\/es\/producto\/easyq-wood-condition-meter-cs1\/#primaryimage"},"image":{"@id":"https:\/\/repair-care.com\/es\/producto\/easyq-wood-condition-meter-cs1\/#primaryimage"},"thumbnailUrl":"https:\/\/repair-care.com\/wp-content\/uploads\/2023\/11\/easyq-cs1-houtvochtmeter-jpg.webp","datePublished":"2023-11-23T13:52:48+00:00","dateModified":"2026-02-12T14:20:52+00:00","breadcrumb":{"@id":"https:\/\/repair-care.com\/es\/producto\/easyq-wood-condition-meter-cs1\/#breadcrumb"},"inLanguage":"es","potentialAction":[{"@type":"ReadAction","target":["https:\/\/repair-care.com\/es\/producto\/easyq-wood-condition-meter-cs1\/"]}]},{"@type":"ImageObject","inLanguage":"es","@id":"https:\/\/repair-care.com\/es\/producto\/easyq-wood-condition-meter-cs1\/#primaryimage","url":"https:\/\/repair-care.com\/wp-content\/uploads\/2023\/11\/easyq-cs1-houtvochtmeter-jpg.webp","contentUrl":"https:\/\/repair-care.com\/wp-content\/uploads\/2023\/11\/easyq-cs1-houtvochtmeter-jpg.webp","width":800,"height":800},{"@type":"BreadcrumbList","@id":"https:\/\/repair-care.com\/es\/producto\/easyq-wood-condition-meter-cs1\/#breadcrumb","itemListElement":[{"@type":"ListItem","position":1,"name":"Home","item":"https:\/\/repair-care.com\/es\/"},{"@type":"ListItem","position":2,"name":"Productos","item":"https:\/\/repair-care.com\/es\/productos\/"},{"@type":"ListItem","position":3,"name":"EASY\u2022Q\u2122 Wood condition meter CS1"}]},{"@type":"WebSite","@id":"https:\/\/repair-care.com\/es\/#website","url":"https:\/\/repair-care.com\/es\/","name":"Repair Care USA","description":"","publisher":{"@id":"https:\/\/repair-care.com\/es\/#organization"},"potentialAction":[{"@type":"SearchAction","target":{"@type":"EntryPoint","urlTemplate":"https:\/\/repair-care.com\/es\/?s={search_term_string}"},"query-input":{"@type":"PropertyValueSpecification","valueRequired":true,"valueName":"search_term_string"}}],"inLanguage":"es"},{"@type":"Organization","@id":"https:\/\/repair-care.com\/es\/#organization","name":"Repair Care","url":"https:\/\/repair-care.com\/es\/","logo":{"@type":"ImageObject","inLanguage":"es","@id":"https:\/\/repair-care.com\/es\/#\/schema\/logo\/image\/","url":"https:\/\/repair-care.com\/wp-content\/uploads\/2023\/11\/rc-logo-2024.svg","contentUrl":"https:\/\/repair-care.com\/wp-content\/uploads\/2023\/11\/rc-logo-2024.svg","caption":"Repair Care"},"image":{"@id":"https:\/\/repair-care.com\/es\/#\/schema\/logo\/image\/"},"sameAs":["https:\/\/www.facebook.com\/UKRepairCare\/","https:\/\/x.com\/repaircareuk","https:\/\/www.instagram.com\/repair_care_international_uk\/?hl=en","https:\/\/www.tiktok.com\/@repaircareuk"]}]}},"_links":{"self":[{"href":"https:\/\/repair-care.com\/es\/wp-json\/wp\/v2\/product\/146734","targetHints":{"allow":["GET"]}}],"collection":[{"href":"https:\/\/repair-care.com\/es\/wp-json\/wp\/v2\/product"}],"about":[{"href":"https:\/\/repair-care.com\/es\/wp-json\/wp\/v2\/types\/product"}],"wp:featuredmedia":[{"embeddable":true,"href":"https:\/\/repair-care.com\/es\/wp-json\/wp\/v2\/media\/125394"}],"wp:attachment":[{"href":"https:\/\/repair-care.com\/es\/wp-json\/wp\/v2\/media?parent=146734"}],"wp:term":[{"taxonomy":"product_brand","embeddable":true,"href":"https:\/\/repair-care.com\/es\/wp-json\/wp\/v2\/product_brand?post=146734"},{"taxonomy":"product_cat","embeddable":true,"href":"https:\/\/repair-care.com\/es\/wp-json\/wp\/v2\/product_cat?post=146734"},{"taxonomy":"product_tag","embeddable":true,"href":"https:\/\/repair-care.com\/es\/wp-json\/wp\/v2\/product_tag?post=146734"}],"curies":[{"name":"wp","href":"https:\/\/api.w.org\/{rel}","templated":true}]}}