{"id":146664,"date":"2023-11-23T08:53:18","date_gmt":"2023-11-23T13:53:18","guid":{"rendered":"https:\/\/repair-care.com\/?post_type=product&#038;p=146664"},"modified":"2026-03-16T07:41:58","modified_gmt":"2026-03-16T11:41:58","slug":"dry-flex-superfinish-2-in-1","status":"publish","type":"product","link":"https:\/\/repair-care.com\/es\/producto\/dry-flex-superfinish-2-in-1\/","title":{"rendered":"DRY FLEX\u00ae Super Finish 2-IN-1"},"content":{"rendered":"<ul>\n<li style=\"font-weight: 400;\" aria-level=\"1\"><span style=\"font-weight: 400;\">R\u00e1pido y f\u00e1cil de aplicar.<\/span><\/li>\n<li style=\"font-weight: 400;\" aria-level=\"1\"><span style=\"font-weight: 400;\">Tiempo de curado corto, incluso en temperaturas m\u00e1s fr\u00edas. Se puede pintar despu\u00e9s de 1\u202fhora a 41\u202f\u00b0F (5\u202f\u00b0C) y despu\u00e9s de 30\u202fminutos a 68\u202f\u00b0F (20\u202f\u00b0C)*. <\/span><\/li>\n<li style=\"font-weight: 400;\" aria-level=\"1\"><span style=\"font-weight: 400;\">Se puede utilizar con una pistola de calafateo est\u00e1ndar.<\/span><\/li>\n<li style=\"font-weight: 400;\" aria-level=\"1\"><span style=\"font-weight: 400;\">Reparaciones permanentes.<\/span><\/li>\n<li style=\"font-weight: 400;\" aria-level=\"1\"><span style=\"font-weight: 400;\">Ideal para peque\u00f1as reparaciones.<\/span><\/li>\n<li style=\"font-weight: 400;\" aria-level=\"1\"><span style=\"font-weight: 400;\">El producto se debe dispensar en las proporciones correctas en todo momento.<\/span><\/li>\n<li style=\"font-weight: 400;\" aria-level=\"1\"><span style=\"font-weight: 400;\">Util\u00edcese en madera y otros materiales, como mamposter\u00eda, yeso, concreto y metal.<\/span><\/li>\n<\/ul>\n<p><span style=\"font-weight: 400;\">*Esto es una indicaci\u00f3n. La temperatura y la humedad pueden afectar los tiempos de curado. <\/span><\/p>\n","protected":false},"excerpt":{"rendered":"<p><b>Relleno fino y resistente para reparaciones r\u00e1pidas en madera y otros sustratos (listo para pintar despu\u00e9s de 30 minutos*).<\/b><\/p>\n<p><span style=\"font-weight: 400;\">Lo mejor de un excelente relleno de superficie y una epoxi &#8211; todo en un solo producto. No se requiere imprimaci\u00f3n. Se cura r\u00e1pidamente, incluso en condiciones clim\u00e1ticas m\u00e1s fr\u00edas. R\u00e1pido y f\u00e1cil de aplicar.   <\/span><\/p>\n<p><span style=\"font-weight: 400;\">Apropiado para:<\/span><\/p>\n<ul>\n<li style=\"font-weight: 400;\" aria-level=\"1\"><span style=\"font-weight: 400;\">Relleno de superficie fino y reparaciones puntuales r\u00e1pidas y duraderas.<\/span><\/li>\n<li style=\"font-weight: 400;\" aria-level=\"1\"><span style=\"font-weight: 400;\">Rellenar agujeros de clavos, agujeros de tornillos y grietas.<\/span><\/li>\n<li style=\"font-weight: 400;\" aria-level=\"1\">Peque\u00f1os defectos en reparaciones existentes.<\/li>\n<li style=\"font-weight: 400;\" aria-level=\"1\"><span style=\"font-weight: 400;\">Aplicaciones exteriores e interiores.<\/span><\/li>\n<li style=\"font-weight: 400;\" aria-level=\"1\"><span style=\"font-weight: 400;\">Utilizar en madera, as\u00ed como en mamposter\u00eda, yeso, concreto y metal.<\/span><\/li>\n<\/ul>\n<p><span style=\"font-weight: 400;\">*Tiempo de curado t\u00edpico para una reparaci\u00f3n aplicada a 68\u202f\u00b0F (20\u202f\u00b0C). La temperatura y la humedad pueden afectar los tiempos de curado. <\/span><\/p>\n","protected":false},"featured_media":125403,"template":"","meta":{"_acf_changed":false},"product_brand":[],"product_cat":[283],"product_tag":[],"class_list":{"0":"post-146664","1":"product","2":"type-product","3":"status-publish","4":"has-post-thumbnail","6":"product_cat-sin-categoria-2","7":"pa_application-period-7-10-minutos","8":"pa_application-temperature-32f-86f","9":"pa_content-5-07-fl-oz-150ml","10":"pa_pre-treat-with-not-necessary","11":"pa_ready-for-sanding-painting-despues-de-30-minutos-a-68f","12":"pa_repair-thickness-0-1-4","13":"pa_shelf-life-see-label-storage-and-transportation-temperature-41f-77f","15":"first","16":"instock","17":"product-type-simple"},"acf":[],"yoast_head":"<!-- This site is optimized with the Yoast SEO plugin v24.6 - https:\/\/yoast.com\/wordpress\/plugins\/seo\/ -->\n<title>DRY FLEX\u00ae Super Finish 2-IN-1 - Repair Care | Stronger together<\/title>\n<meta name=\"robots\" content=\"index, follow, max-snippet:-1, max-image-preview:large, max-video-preview:-1\" \/>\n<link rel=\"canonical\" href=\"https:\/\/repair-care.com\/es\/producto\/dry-flex-superfinish-2-in-1\/\" \/>\n<meta property=\"og:locale\" content=\"es_ES\" \/>\n<meta property=\"og:type\" content=\"article\" \/>\n<meta property=\"og:title\" content=\"DRY FLEX\u00ae Super Finish 2-IN-1 - Repair Care | Stronger together\" \/>\n<meta property=\"og:description\" content=\"Relleno fino y resistente para reparaciones r\u00e1pidas en madera y otros sustratos (listo para pintar despu\u00e9s de 30 minutos*). Lo mejor de un excelente relleno de superficie y una epoxi - todo en un solo producto. No se requiere imprimaci\u00f3n. Se cura r\u00e1pidamente, incluso en condiciones clim\u00e1ticas m\u00e1s fr\u00edas. R\u00e1pido y f\u00e1cil de aplicar.   Apropiado para:  Relleno de superficie fino y reparaciones puntuales r\u00e1pidas y duraderas.  Rellenar agujeros de clavos, agujeros de tornillos y grietas.  Peque\u00f1os defectos en reparaciones existentes.  Aplicaciones exteriores e interiores.  Utilizar en madera, as\u00ed como en mamposter\u00eda, yeso, concreto y metal. *Tiempo de curado t\u00edpico para una reparaci\u00f3n aplicada a 68\u202f\u00b0F (20\u202f\u00b0C). La temperatura y la humedad pueden afectar los tiempos de curado.\" \/>\n<meta property=\"og:url\" content=\"https:\/\/repair-care.com\/es\/producto\/dry-flex-superfinish-2-in-1\/\" \/>\n<meta property=\"og:site_name\" content=\"Repair Care | Stronger together\" \/>\n<meta property=\"article:publisher\" content=\"https:\/\/www.facebook.com\/UKRepairCare\/\" \/>\n<meta property=\"article:modified_time\" content=\"2026-03-16T11:41:58+00:00\" \/>\n<meta property=\"og:image\" content=\"https:\/\/repair-care.com\/wp-content\/uploads\/2023\/11\/dryflex-sf-2in1-website-jpg.webp\" \/>\n\t<meta property=\"og:image:width\" content=\"2500\" \/>\n\t<meta property=\"og:image:height\" content=\"2500\" \/>\n\t<meta property=\"og:image:type\" content=\"image\/jpeg\" \/>\n<meta name=\"twitter:card\" content=\"summary_large_image\" \/>\n<meta name=\"twitter:site\" content=\"@repaircareuk\" \/>\n<script type=\"application\/ld+json\" class=\"yoast-schema-graph\">{\"@context\":\"https:\/\/schema.org\",\"@graph\":[{\"@type\":\"WebPage\",\"@id\":\"https:\/\/repair-care.com\/es\/producto\/dry-flex-superfinish-2-in-1\/\",\"url\":\"https:\/\/repair-care.com\/es\/producto\/dry-flex-superfinish-2-in-1\/\",\"name\":\"DRY FLEX\u00ae Super Finish 2-IN-1 - Repair Care | Stronger together\",\"isPartOf\":{\"@id\":\"https:\/\/repair-care.com\/es\/#website\"},\"primaryImageOfPage\":{\"@id\":\"https:\/\/repair-care.com\/es\/producto\/dry-flex-superfinish-2-in-1\/#primaryimage\"},\"image\":{\"@id\":\"https:\/\/repair-care.com\/es\/producto\/dry-flex-superfinish-2-in-1\/#primaryimage\"},\"thumbnailUrl\":\"https:\/\/repair-care.com\/wp-content\/uploads\/2023\/11\/dryflex-sf-2in1-website-jpg.webp\",\"datePublished\":\"2023-11-23T13:53:18+00:00\",\"dateModified\":\"2026-03-16T11:41:58+00:00\",\"breadcrumb\":{\"@id\":\"https:\/\/repair-care.com\/es\/producto\/dry-flex-superfinish-2-in-1\/#breadcrumb\"},\"inLanguage\":\"es\",\"potentialAction\":[{\"@type\":\"ReadAction\",\"target\":[\"https:\/\/repair-care.com\/es\/producto\/dry-flex-superfinish-2-in-1\/\"]}]},{\"@type\":\"ImageObject\",\"inLanguage\":\"es\",\"@id\":\"https:\/\/repair-care.com\/es\/producto\/dry-flex-superfinish-2-in-1\/#primaryimage\",\"url\":\"https:\/\/repair-care.com\/wp-content\/uploads\/2023\/11\/dryflex-sf-2in1-website-jpg.webp\",\"contentUrl\":\"https:\/\/repair-care.com\/wp-content\/uploads\/2023\/11\/dryflex-sf-2in1-website-jpg.webp\",\"width\":2500,\"height\":2500},{\"@type\":\"BreadcrumbList\",\"@id\":\"https:\/\/repair-care.com\/es\/producto\/dry-flex-superfinish-2-in-1\/#breadcrumb\",\"itemListElement\":[{\"@type\":\"ListItem\",\"position\":1,\"name\":\"Home\",\"item\":\"https:\/\/repair-care.com\/es\/\"},{\"@type\":\"ListItem\",\"position\":2,\"name\":\"Productos\",\"item\":\"https:\/\/repair-care.com\/es\/productos\/\"},{\"@type\":\"ListItem\",\"position\":3,\"name\":\"DRY FLEX\u00ae Super Finish 2-IN-1\"}]},{\"@type\":\"WebSite\",\"@id\":\"https:\/\/repair-care.com\/es\/#website\",\"url\":\"https:\/\/repair-care.com\/es\/\",\"name\":\"Repair Care USA\",\"description\":\"\",\"publisher\":{\"@id\":\"https:\/\/repair-care.com\/es\/#organization\"},\"potentialAction\":[{\"@type\":\"SearchAction\",\"target\":{\"@type\":\"EntryPoint\",\"urlTemplate\":\"https:\/\/repair-care.com\/es\/?s={search_term_string}\"},\"query-input\":{\"@type\":\"PropertyValueSpecification\",\"valueRequired\":true,\"valueName\":\"search_term_string\"}}],\"inLanguage\":\"es\"},{\"@type\":\"Organization\",\"@id\":\"https:\/\/repair-care.com\/es\/#organization\",\"name\":\"Repair Care\",\"url\":\"https:\/\/repair-care.com\/es\/\",\"logo\":{\"@type\":\"ImageObject\",\"inLanguage\":\"es\",\"@id\":\"https:\/\/repair-care.com\/es\/#\/schema\/logo\/image\/\",\"url\":\"https:\/\/repair-care.com\/wp-content\/uploads\/2023\/11\/rc-logo-2024.svg\",\"contentUrl\":\"https:\/\/repair-care.com\/wp-content\/uploads\/2023\/11\/rc-logo-2024.svg\",\"caption\":\"Repair Care\"},\"image\":{\"@id\":\"https:\/\/repair-care.com\/es\/#\/schema\/logo\/image\/\"},\"sameAs\":[\"https:\/\/www.facebook.com\/UKRepairCare\/\",\"https:\/\/x.com\/repaircareuk\",\"https:\/\/www.instagram.com\/repair_care_international_uk\/?hl=en\",\"https:\/\/www.tiktok.com\/@repaircareuk\"]}]}<\/script>\n<!-- \/ Yoast SEO plugin. -->","yoast_head_json":{"title":"DRY FLEX\u00ae Super Finish 2-IN-1 - Repair Care | Stronger together","robots":{"index":"index","follow":"follow","max-snippet":"max-snippet:-1","max-image-preview":"max-image-preview:large","max-video-preview":"max-video-preview:-1"},"canonical":"https:\/\/repair-care.com\/es\/producto\/dry-flex-superfinish-2-in-1\/","og_locale":"es_ES","og_type":"article","og_title":"DRY FLEX\u00ae Super Finish 2-IN-1 - Repair Care | Stronger together","og_description":"Relleno fino y resistente para reparaciones r\u00e1pidas en madera y otros sustratos (listo para pintar despu\u00e9s de 30 minutos*). Lo mejor de un excelente relleno de superficie y una epoxi - todo en un solo producto. No se requiere imprimaci\u00f3n. Se cura r\u00e1pidamente, incluso en condiciones clim\u00e1ticas m\u00e1s fr\u00edas. R\u00e1pido y f\u00e1cil de aplicar.   Apropiado para:  Relleno de superficie fino y reparaciones puntuales r\u00e1pidas y duraderas.  Rellenar agujeros de clavos, agujeros de tornillos y grietas.  Peque\u00f1os defectos en reparaciones existentes.  Aplicaciones exteriores e interiores.  Utilizar en madera, as\u00ed como en mamposter\u00eda, yeso, concreto y metal. *Tiempo de curado t\u00edpico para una reparaci\u00f3n aplicada a 68\u202f\u00b0F (20\u202f\u00b0C). La temperatura y la humedad pueden afectar los tiempos de curado.","og_url":"https:\/\/repair-care.com\/es\/producto\/dry-flex-superfinish-2-in-1\/","og_site_name":"Repair Care | Stronger together","article_publisher":"https:\/\/www.facebook.com\/UKRepairCare\/","article_modified_time":"2026-03-16T11:41:58+00:00","og_image":[{"width":2500,"height":2500,"url":"https:\/\/repair-care.com\/wp-content\/uploads\/2023\/11\/dryflex-sf-2in1-website-jpg.webp","type":"image\/jpeg"}],"twitter_card":"summary_large_image","twitter_site":"@repaircareuk","schema":{"@context":"https:\/\/schema.org","@graph":[{"@type":"WebPage","@id":"https:\/\/repair-care.com\/es\/producto\/dry-flex-superfinish-2-in-1\/","url":"https:\/\/repair-care.com\/es\/producto\/dry-flex-superfinish-2-in-1\/","name":"DRY FLEX\u00ae Super Finish 2-IN-1 - Repair Care | Stronger together","isPartOf":{"@id":"https:\/\/repair-care.com\/es\/#website"},"primaryImageOfPage":{"@id":"https:\/\/repair-care.com\/es\/producto\/dry-flex-superfinish-2-in-1\/#primaryimage"},"image":{"@id":"https:\/\/repair-care.com\/es\/producto\/dry-flex-superfinish-2-in-1\/#primaryimage"},"thumbnailUrl":"https:\/\/repair-care.com\/wp-content\/uploads\/2023\/11\/dryflex-sf-2in1-website-jpg.webp","datePublished":"2023-11-23T13:53:18+00:00","dateModified":"2026-03-16T11:41:58+00:00","breadcrumb":{"@id":"https:\/\/repair-care.com\/es\/producto\/dry-flex-superfinish-2-in-1\/#breadcrumb"},"inLanguage":"es","potentialAction":[{"@type":"ReadAction","target":["https:\/\/repair-care.com\/es\/producto\/dry-flex-superfinish-2-in-1\/"]}]},{"@type":"ImageObject","inLanguage":"es","@id":"https:\/\/repair-care.com\/es\/producto\/dry-flex-superfinish-2-in-1\/#primaryimage","url":"https:\/\/repair-care.com\/wp-content\/uploads\/2023\/11\/dryflex-sf-2in1-website-jpg.webp","contentUrl":"https:\/\/repair-care.com\/wp-content\/uploads\/2023\/11\/dryflex-sf-2in1-website-jpg.webp","width":2500,"height":2500},{"@type":"BreadcrumbList","@id":"https:\/\/repair-care.com\/es\/producto\/dry-flex-superfinish-2-in-1\/#breadcrumb","itemListElement":[{"@type":"ListItem","position":1,"name":"Home","item":"https:\/\/repair-care.com\/es\/"},{"@type":"ListItem","position":2,"name":"Productos","item":"https:\/\/repair-care.com\/es\/productos\/"},{"@type":"ListItem","position":3,"name":"DRY FLEX\u00ae Super Finish 2-IN-1"}]},{"@type":"WebSite","@id":"https:\/\/repair-care.com\/es\/#website","url":"https:\/\/repair-care.com\/es\/","name":"Repair Care USA","description":"","publisher":{"@id":"https:\/\/repair-care.com\/es\/#organization"},"potentialAction":[{"@type":"SearchAction","target":{"@type":"EntryPoint","urlTemplate":"https:\/\/repair-care.com\/es\/?s={search_term_string}"},"query-input":{"@type":"PropertyValueSpecification","valueRequired":true,"valueName":"search_term_string"}}],"inLanguage":"es"},{"@type":"Organization","@id":"https:\/\/repair-care.com\/es\/#organization","name":"Repair Care","url":"https:\/\/repair-care.com\/es\/","logo":{"@type":"ImageObject","inLanguage":"es","@id":"https:\/\/repair-care.com\/es\/#\/schema\/logo\/image\/","url":"https:\/\/repair-care.com\/wp-content\/uploads\/2023\/11\/rc-logo-2024.svg","contentUrl":"https:\/\/repair-care.com\/wp-content\/uploads\/2023\/11\/rc-logo-2024.svg","caption":"Repair Care"},"image":{"@id":"https:\/\/repair-care.com\/es\/#\/schema\/logo\/image\/"},"sameAs":["https:\/\/www.facebook.com\/UKRepairCare\/","https:\/\/x.com\/repaircareuk","https:\/\/www.instagram.com\/repair_care_international_uk\/?hl=en","https:\/\/www.tiktok.com\/@repaircareuk"]}]}},"_links":{"self":[{"href":"https:\/\/repair-care.com\/es\/wp-json\/wp\/v2\/product\/146664","targetHints":{"allow":["GET"]}}],"collection":[{"href":"https:\/\/repair-care.com\/es\/wp-json\/wp\/v2\/product"}],"about":[{"href":"https:\/\/repair-care.com\/es\/wp-json\/wp\/v2\/types\/product"}],"wp:featuredmedia":[{"embeddable":true,"href":"https:\/\/repair-care.com\/es\/wp-json\/wp\/v2\/media\/125403"}],"wp:attachment":[{"href":"https:\/\/repair-care.com\/es\/wp-json\/wp\/v2\/media?parent=146664"}],"wp:term":[{"taxonomy":"product_brand","embeddable":true,"href":"https:\/\/repair-care.com\/es\/wp-json\/wp\/v2\/product_brand?post=146664"},{"taxonomy":"product_cat","embeddable":true,"href":"https:\/\/repair-care.com\/es\/wp-json\/wp\/v2\/product_cat?post=146664"},{"taxonomy":"product_tag","embeddable":true,"href":"https:\/\/repair-care.com\/es\/wp-json\/wp\/v2\/product_tag?post=146664"}],"curies":[{"name":"wp","href":"https:\/\/api.w.org\/{rel}","templated":true}]}}