{"id":152538,"date":"2024-05-08T07:41:59","date_gmt":"2024-05-08T11:41:59","guid":{"rendered":"https:\/\/repair-care.com\/knowledge-base\/7-steps\/"},"modified":"2026-03-11T12:44:48","modified_gmt":"2026-03-11T16:44:48","slug":"7-steps","status":"publish","type":"page","link":"https:\/\/repair-care.com\/es\/knowledge-base\/7-steps\/","title":{"rendered":"7 pasos"},"content":{"rendered":"\t\t<div data-elementor-type=\"wp-page\" data-elementor-id=\"152538\" class=\"elementor elementor-152538 elementor-14855\" data-elementor-post-type=\"page\">\n\t\t\t\t<div class=\"elementor-element elementor-element-4a243d4 e-con-full e-flex e-con e-parent\" data-id=\"4a243d4\" data-element_type=\"container\">\n\t\t\t\t<div class=\"elementor-element elementor-element-a9b34ff elementor-widget elementor-widget-template\" data-id=\"a9b34ff\" data-element_type=\"widget\" data-widget_type=\"template.default\">\n\t\t\t\t<div class=\"elementor-widget-container\">\n\t\t\t\t\t\t\t<div class=\"elementor-template\">\n\t\t\t\t\t<div data-elementor-type=\"container\" data-elementor-id=\"1386\" class=\"elementor elementor-1386\" data-elementor-post-type=\"elementor_library\">\n\t\t\t\t<div class=\"elementor-element elementor-element-3ec08f5f e-flex e-con-boxed e-con e-parent\" data-id=\"3ec08f5f\" data-element_type=\"container\">\n\t\t\t\t\t<div class=\"e-con-inner\">\n\t\t\t\t<div class=\"elementor-element elementor-element-5f70c2e3 elementor-widget elementor-widget-breadcrumbs\" data-id=\"5f70c2e3\" data-element_type=\"widget\" data-widget_type=\"breadcrumbs.default\">\n\t\t\t\t<div class=\"elementor-widget-container\">\n\t\t\t\t\t<p id=\"breadcrumbs\"><span><span><a href=\"https:\/\/repair-care.com\/es\/\">Home<\/a><\/span><\/span><\/p>\t\t\t\t<\/div>\n\t\t\t\t<\/div>\n\t\t\t\t\t<\/div>\n\t\t\t\t<\/div>\n\t\t\t\t<\/div>\n\t\t\t\t<\/div>\n\t\t\t\t\t\t<\/div>\n\t\t\t\t<\/div>\n\t\t\t\t<\/div>\n\t\t<div class=\"elementor-element elementor-element-92a6d8b e-flex e-con-boxed e-con e-parent\" data-id=\"92a6d8b\" data-element_type=\"container\">\n\t\t\t\t\t<div class=\"e-con-inner\">\n\t\t<div class=\"elementor-element elementor-element-d93cbf3 e-con-full e-flex e-con e-child\" data-id=\"d93cbf3\" data-element_type=\"container\">\n\t\t\t\t<div class=\"elementor-element elementor-element-c2de811 elementor-widget elementor-widget-heading\" data-id=\"c2de811\" data-element_type=\"widget\" data-widget_type=\"heading.default\">\n\t\t\t\t<div class=\"elementor-widget-container\">\n\t\t\t\t\t<h1 class=\"elementor-heading-title elementor-size-default\">El m\u00e9todo de trabajo de los 7 pasos<\/h1>\t\t\t\t<\/div>\n\t\t\t\t<\/div>\n\t\t\t\t<div class=\"elementor-element elementor-element-79fa32c rc-body-large rc_link_black elementor-widget elementor-widget-text-editor\" data-id=\"79fa32c\" data-element_type=\"widget\" data-widget_type=\"text-editor.default\">\n\t\t\t\t<div class=\"elementor-widget-container\">\n\t\t\t\t\t\t\t\t\t<p><span style=\"font-weight: 400;\">Repair Care proporciona soluciones integrales para la reparaci\u00f3n, restauraci\u00f3n y mantenimiento de ventanas y puertas de madera, siendo l\u00edder en el mercado de resinas ep\u00f3xicas flexibles para reparaciones de madera sostenibles. Suministrar productos de calidad no basta por s\u00ed solo para garantizar una restauraci\u00f3n de madera sostenible; los resultados a largo plazo dependen de la correcta ejecuci\u00f3n de la reparaci\u00f3n. Para obtener resultados sostenibles y duraderos, le recomendamos seguir las mejores pr\u00e1cticas de Repair Care que se detallan a continuaci\u00f3n: 7 pasos para la reparaci\u00f3n duradera de la madera   <\/span><a href=\"https:\/\/www.repair-care.com\/7-steps-durable-wood-repair\/\"><span style=\"font-weight: 400;\">7 pasos para la reparaci\u00f3n duradera de la madera.<\/span><\/a><\/p>\t\t\t\t\t\t\t\t<\/div>\n\t\t\t\t<\/div>\n\t\t\t\t<\/div>\n\t\t\t\t\t<\/div>\n\t\t\t\t<\/div>\n\t\t<div class=\"elementor-element elementor-element-e25c369 e-flex e-con-boxed e-con e-parent\" data-id=\"e25c369\" data-element_type=\"container\">\n\t\t\t\t\t<div class=\"e-con-inner\">\n\t\t<div class=\"elementor-element elementor-element-b55b504 e-flex e-con-boxed e-con e-child\" data-id=\"b55b504\" data-element_type=\"container\">\n\t\t\t\t\t<div class=\"e-con-inner\">\n\t\t<div class=\"elementor-element elementor-element-b1146c3 e-con-full e-flex e-con e-child\" data-id=\"b1146c3\" data-element_type=\"container\">\n\t\t<div class=\"elementor-element elementor-element-1a7a003 e-con-full e-flex e-con e-child\" data-id=\"1a7a003\" data-element_type=\"container\">\n\t\t\t\t<div class=\"elementor-element elementor-element-0f2dde9 elementor-widget elementor-widget-image\" data-id=\"0f2dde9\" data-element_type=\"widget\" data-widget_type=\"image.default\">\n\t\t\t\t<div class=\"elementor-widget-container\">\n\t\t\t\t\t\t\t\t\t\t\t\t\t\t\t\t<a href=\"https:\/\/repair-care.com\/es\/knowledge-base\/7-steps\/the-7-steps-to-durable-wood-repair\/\">\n\t\t\t\t\t\t\t<img fetchpriority=\"high\" decoding=\"async\" width=\"800\" height=\"534\" src=\"https:\/\/repair-care.com\/wp-content\/uploads\/2024\/10\/Step-5-web-1024x683.webp\" class=\"attachment-large size-large wp-image-125750\" alt=\"\" srcset=\"https:\/\/repair-care.com\/wp-content\/uploads\/2024\/10\/Step-5-web-1024x683.webp 1024w, https:\/\/repair-care.com\/wp-content\/uploads\/2024\/10\/Step-5-web-300x200.webp 300w, https:\/\/repair-care.com\/wp-content\/uploads\/2024\/10\/Step-5-web-768x512.webp 768w, https:\/\/repair-care.com\/wp-content\/uploads\/2024\/10\/Step-5-web-1536x1025.webp 1536w, https:\/\/repair-care.com\/wp-content\/uploads\/2024\/10\/Step-5-web-600x400.webp 600w, https:\/\/repair-care.com\/wp-content\/uploads\/2024\/10\/Step-5-web-64x43.webp 64w, https:\/\/repair-care.com\/wp-content\/uploads\/2024\/10\/Step-5-web-jpg.webp 1920w\" sizes=\"(max-width: 800px) 100vw, 800px\" \/>\t\t\t\t\t\t\t\t<\/a>\n\t\t\t\t\t\t\t\t\t\t\t\t\t\t\t<\/div>\n\t\t\t\t<\/div>\n\t\t\t\t<div class=\"elementor-element elementor-element-f8e32aa elementor-widget elementor-widget-heading\" data-id=\"f8e32aa\" data-element_type=\"widget\" data-widget_type=\"heading.default\">\n\t\t\t\t<div class=\"elementor-widget-container\">\n\t\t\t\t\t<h3 class=\"elementor-heading-title elementor-size-default\">Los 7 pasos para la reparaci\u00f3n duradera de la madera<\/h3>\t\t\t\t<\/div>\n\t\t\t\t<\/div>\n\t\t\t\t<div class=\"elementor-element elementor-element-2ea6699 elementor-widget elementor-widget-text-editor\" data-id=\"2ea6699\" data-element_type=\"widget\" data-widget_type=\"text-editor.default\">\n\t\t\t\t<div class=\"elementor-widget-container\">\n\t\t\t\t\t\t\t\t\t<p><span style=\"font-weight: 400;\">\u00bfQu\u00e9 necesita para realizar una reparaci\u00f3n duradera de madera? \u00bfQu\u00e9 hay de los materiales y herramientas? Con   <\/span>7 pasos para un mantenimiento sostenible, le proporcionamos lo que necesita saber para que pueda atender a sus clientes a\u00fan mejor.<\/p>\t\t\t\t\t\t\t\t<\/div>\n\t\t\t\t<\/div>\n\t\t\t\t<div class=\"elementor-element elementor-element-3a0b81d elementor-align-justify elementor-widget elementor-widget-button\" data-id=\"3a0b81d\" data-element_type=\"widget\" data-widget_type=\"button.default\">\n\t\t\t\t<div class=\"elementor-widget-container\">\n\t\t\t\t\t\t\t\t\t<div class=\"elementor-button-wrapper\">\n\t\t\t\t\t<a class=\"elementor-button elementor-button-link elementor-size-md\" href=\"https:\/\/repair-care.com\/es\/knowledge-base\/7-steps\/the-7-steps-to-durable-wood-repair\/\">\n\t\t\t\t\t\t<span class=\"elementor-button-content-wrapper\">\n\t\t\t\t\t\t<span class=\"elementor-button-icon\">\n\t\t\t\t<svg aria-hidden=\"true\" class=\"e-font-icon-svg e-fas-arrow-right\" viewBox=\"0 0 448 512\" xmlns=\"http:\/\/www.w3.org\/2000\/svg\"><path d=\"M190.5 66.9l22.2-22.2c9.4-9.4 24.6-9.4 33.9 0L441 239c9.4 9.4 9.4 24.6 0 33.9L246.6 467.3c-9.4 9.4-24.6 9.4-33.9 0l-22.2-22.2c-9.5-9.5-9.3-25 .4-34.3L311.4 296H24c-13.3 0-24-10.7-24-24v-32c0-13.3 10.7-24 24-24h287.4L190.9 101.2c-9.8-9.3-10-24.8-.4-34.3z\"><\/path><\/svg>\t\t\t<\/span>\n\t\t\t\t\t\t\t\t\t<span class=\"elementor-button-text\">Comprueba los 7 pasos<\/span>\n\t\t\t\t\t<\/span>\n\t\t\t\t\t<\/a>\n\t\t\t\t<\/div>\n\t\t\t\t\t\t\t\t<\/div>\n\t\t\t\t<\/div>\n\t\t\t\t<\/div>\n\t\t\t\t<\/div>\n\t\t\t\t\t<\/div>\n\t\t\t\t<\/div>\n\t\t\t\t\t<\/div>\n\t\t\t\t<\/div>\n\t\t<div class=\"elementor-element elementor-element-00cae28 e-con-full e-flex e-con e-parent\" data-id=\"00cae28\" data-element_type=\"container\">\n\t\t\t\t<div class=\"elementor-element elementor-element-64f47c3 elementor-widget elementor-widget-template\" data-id=\"64f47c3\" data-element_type=\"widget\" data-widget_type=\"template.default\">\n\t\t\t\t<div class=\"elementor-widget-container\">\n\t\t\t\t\t\t\t<div class=\"elementor-template\">\n\t\t\t\t\t<div data-elementor-type=\"container\" data-elementor-id=\"154638\" class=\"elementor elementor-154638 elementor-1767\" data-elementor-post-type=\"elementor_library\">\n\t\t\t\t<div class=\"elementor-element elementor-element-61641f2a e-flex e-con-boxed e-con e-parent\" data-id=\"61641f2a\" data-element_type=\"container\">\n\t\t\t\t\t<div class=\"e-con-inner\">\n\t\t<div class=\"elementor-element elementor-element-7352ff0a e-con-full e-flex e-con e-child\" data-id=\"7352ff0a\" data-element_type=\"container\">\n\t\t\t\t<div class=\"elementor-element elementor-element-3a6834b8 pp-icon-list-inline elementor-list-item-link-inline pp-icon-left elementor-widget elementor-widget-pp-icon-list\" data-id=\"3a6834b8\" data-element_type=\"widget\" data-widget_type=\"pp-icon-list.default\">\n\t\t\t\t<div class=\"elementor-widget-container\">\n\t\t\t\t\t\t\t<div class=\"pp-list-container\">\n\t\t\t<ul class=\"pp-list-items pp-inline-items\">\n\t\t\t\t\t\t\t\t\t\t\t\t\t\t\t\t\t\t\t\t\t<li class=\"pp-icon-list-item elementor-repeater-item-ead650a\">\n\t\t\t\t\t\t\t\t\t\t<span class=\"pp-icon-wrapper\">\n\t\t\t\t\t\t\t\t\t\t<span class=\"pp-icon-list-icon pp-icon \">\n\t\t\t\t\t\t<svg aria-hidden=\"true\" class=\"e-font-icon-svg e-fas-check-circle\" viewBox=\"0 0 512 512\" xmlns=\"http:\/\/www.w3.org\/2000\/svg\"><path d=\"M504 256c0 136.967-111.033 248-248 248S8 392.967 8 256 119.033 8 256 8s248 111.033 248 248zM227.314 387.314l184-184c6.248-6.248 6.248-16.379 0-22.627l-22.627-22.627c-6.248-6.249-16.379-6.249-22.628 0L216 308.118l-70.059-70.059c-6.248-6.248-16.379-6.248-22.628 0l-22.627 22.627c-6.248 6.248-6.248 16.379 0 22.627l104 104c6.249 6.249 16.379 6.249 22.628.001z\"><\/path><\/svg><\/span>\t\t\t<\/span>\n\t\t\t\t\t\t\t\t\t\t<span class=\"pp-icon-list-text\">\n\t\t\t\t\t\t\t\t<span style=\"color:#007F3E\">M\u00e1s de 30 a\u00f1os <\/span>de experiencia en soluciones para la reparaci\u00f3n de la madera\t\t\t\t\t\t\t<\/span>\n\t\t\t\t\t\t\t\t\t\t\t\t\t<\/li>\n\t\t\t\t\t\t\t\t\t\t\t\t\t<\/ul>\n\t\t<\/div>\n\t\t\t\t\t\t<\/div>\n\t\t\t\t<\/div>\n\t\t\t\t<\/div>\n\t\t<div class=\"elementor-element elementor-element-2a20a16f e-con-full e-flex e-con e-child\" data-id=\"2a20a16f\" data-element_type=\"container\">\n\t\t\t\t<div class=\"elementor-element elementor-element-643c8ddc pp-icon-list-inline elementor-list-item-link-inline pp-icon-left elementor-widget elementor-widget-pp-icon-list\" data-id=\"643c8ddc\" data-element_type=\"widget\" data-widget_type=\"pp-icon-list.default\">\n\t\t\t\t<div class=\"elementor-widget-container\">\n\t\t\t\t\t\t\t<div class=\"pp-list-container\">\n\t\t\t<ul class=\"pp-list-items pp-inline-items\">\n\t\t\t\t\t\t\t\t\t\t\t\t\t\t\t\t\t\t\t\t\t<li class=\"pp-icon-list-item elementor-repeater-item-ead650a\">\n\t\t\t\t\t\t\t\t\t\t<span class=\"pp-icon-wrapper\">\n\t\t\t\t\t\t\t\t\t\t<span class=\"pp-icon-list-icon pp-icon \">\n\t\t\t\t\t\t<svg aria-hidden=\"true\" class=\"e-font-icon-svg e-fas-check-circle\" viewBox=\"0 0 512 512\" xmlns=\"http:\/\/www.w3.org\/2000\/svg\"><path d=\"M504 256c0 136.967-111.033 248-248 248S8 392.967 8 256 119.033 8 256 8s248 111.033 248 248zM227.314 387.314l184-184c6.248-6.248 6.248-16.379 0-22.627l-22.627-22.627c-6.248-6.249-16.379-6.249-22.628 0L216 308.118l-70.059-70.059c-6.248-6.248-16.379-6.248-22.628 0l-22.627 22.627c-6.248 6.248-6.248 16.379 0 22.627l104 104c6.249 6.249 16.379 6.249 22.628.001z\"><\/path><\/svg><\/span>\t\t\t<\/span>\n\t\t\t\t\t\t\t\t\t\t<span class=\"pp-icon-list-text\">\n\t\t\t\t\t\t\t\t Distribuidores en todo el mundo\t\t\t\t\t\t\t<\/span>\n\t\t\t\t\t\t\t\t\t\t\t\t\t<\/li>\n\t\t\t\t\t\t\t\t\t\t\t\t\t<\/ul>\n\t\t<\/div>\n\t\t\t\t\t\t<\/div>\n\t\t\t\t<\/div>\n\t\t\t\t<\/div>\n\t\t<div class=\"elementor-element elementor-element-3eb7ad46 e-con-full e-flex e-con e-child\" data-id=\"3eb7ad46\" data-element_type=\"container\">\n\t\t\t\t<div class=\"elementor-element elementor-element-294fe926 pp-icon-list-inline elementor-list-item-link-inline pp-icon-left elementor-widget elementor-widget-pp-icon-list\" data-id=\"294fe926\" data-element_type=\"widget\" data-widget_type=\"pp-icon-list.default\">\n\t\t\t\t<div class=\"elementor-widget-container\">\n\t\t\t\t\t\t\t<div class=\"pp-list-container\">\n\t\t\t<ul class=\"pp-list-items pp-inline-items\">\n\t\t\t\t\t\t\t\t\t\t\t\t\t\t\t\t\t\t\t\t\t<li class=\"pp-icon-list-item elementor-repeater-item-ead650a\">\n\t\t\t\t\t\t\t\t\t\t<span class=\"pp-icon-wrapper\">\n\t\t\t\t\t\t\t\t\t\t<span class=\"pp-icon-list-icon pp-icon \">\n\t\t\t\t\t\t<svg aria-hidden=\"true\" class=\"e-font-icon-svg e-fas-check-circle\" viewBox=\"0 0 512 512\" xmlns=\"http:\/\/www.w3.org\/2000\/svg\"><path d=\"M504 256c0 136.967-111.033 248-248 248S8 392.967 8 256 119.033 8 256 8s248 111.033 248 248zM227.314 387.314l184-184c6.248-6.248 6.248-16.379 0-22.627l-22.627-22.627c-6.248-6.249-16.379-6.249-22.628 0L216 308.118l-70.059-70.059c-6.248-6.248-16.379-6.248-22.628 0l-22.627 22.627c-6.248 6.248-6.248 16.379 0 22.627l104 104c6.249 6.249 16.379 6.249 22.628.001z\"><\/path><\/svg><\/span>\t\t\t<\/span>\n\t\t\t\t\t\t\t\t\t\t<span class=\"pp-icon-list-text\">\n\t\t\t\t\t\t\t\toperating <span style=\"color:#007F3E\">globally<\/span> \t\t\t\t\t\t\t<\/span>\n\t\t\t\t\t\t\t\t\t\t\t\t\t<\/li>\n\t\t\t\t\t\t\t\t\t\t\t\t\t<\/ul>\n\t\t<\/div>\n\t\t\t\t\t\t<\/div>\n\t\t\t\t<\/div>\n\t\t\t\t<\/div>\n\t\t\t\t\t<\/div>\n\t\t\t\t<\/div>\n\t\t\t\t<\/div>\n\t\t\t\t<\/div>\n\t\t\t\t\t\t<\/div>\n\t\t\t\t<\/div>\n\t\t\t\t<\/div>\n\t\t\t\t<\/div>\n\t\t","protected":false},"excerpt":{"rendered":"<p>El m\u00e9todo de trabajo de los 7 pasos Repair Care proporciona soluciones integrales para la reparaci\u00f3n, restauraci\u00f3n y mantenimiento de ventanas y puertas de madera, siendo l\u00edder en el mercado de resinas ep\u00f3xicas flexibles para reparaciones de madera sostenibles. Suministrar productos de calidad no basta por s\u00ed solo para garantizar una restauraci\u00f3n de madera sostenible; [&hellip;]<\/p>\n","protected":false},"author":4,"featured_media":0,"parent":147691,"menu_order":3,"comment_status":"closed","ping_status":"closed","template":"","meta":{"_acf_changed":false,"footnotes":""},"class_list":["post-152538","page","type-page","status-publish","hentry"],"acf":[],"yoast_head":"<!-- This site is optimized with the Yoast SEO plugin v24.6 - https:\/\/yoast.com\/wordpress\/plugins\/seo\/ -->\n<title>El m\u00e9todo de trabajo de los 7 pasos | Repair Care<\/title>\n<meta name=\"description\" content=\"\u00bfNecesitas realizar una reparaci\u00f3n duradera en madera? En esta p\u00e1gina encontrar\u00e1s los 7 pasos para una reparaci\u00f3n duradera en madera.\" \/>\n<meta name=\"robots\" content=\"index, follow, max-snippet:-1, max-image-preview:large, max-video-preview:-1\" \/>\n<link rel=\"canonical\" href=\"https:\/\/repair-care.com\/es\/knowledge-base\/7-steps\/\" \/>\n<meta property=\"og:locale\" content=\"es_ES\" \/>\n<meta property=\"og:type\" content=\"article\" \/>\n<meta property=\"og:title\" content=\"El m\u00e9todo de trabajo de los 7 pasos | Repair Care\" \/>\n<meta property=\"og:description\" content=\"\u00bfNecesitas realizar una reparaci\u00f3n duradera en madera? En esta p\u00e1gina encontrar\u00e1s los 7 pasos para una reparaci\u00f3n duradera en madera.\" \/>\n<meta property=\"og:url\" content=\"https:\/\/repair-care.com\/es\/knowledge-base\/7-steps\/\" \/>\n<meta property=\"og:site_name\" content=\"Repair Care | Stronger together\" \/>\n<meta property=\"article:publisher\" content=\"https:\/\/www.facebook.com\/UKRepairCare\/\" \/>\n<meta property=\"article:modified_time\" content=\"2026-03-11T16:44:48+00:00\" \/>\n<meta property=\"og:image\" content=\"https:\/\/repair-care.com\/wp-content\/uploads\/2024\/10\/Step-5-web-jpg.webp\" \/>\n\t<meta property=\"og:image:width\" content=\"1920\" \/>\n\t<meta property=\"og:image:height\" content=\"1281\" \/>\n\t<meta property=\"og:image:type\" content=\"image\/jpeg\" \/>\n<meta name=\"twitter:card\" content=\"summary_large_image\" \/>\n<meta name=\"twitter:site\" content=\"@repaircareuk\" \/>\n<script type=\"application\/ld+json\" class=\"yoast-schema-graph\">{\"@context\":\"https:\/\/schema.org\",\"@graph\":[{\"@type\":\"WebPage\",\"@id\":\"https:\/\/repair-care.com\/es\/knowledge-base\/7-steps\/\",\"url\":\"https:\/\/repair-care.com\/es\/knowledge-base\/7-steps\/\",\"name\":\"El m\u00e9todo de trabajo de los 7 pasos | Repair Care\",\"isPartOf\":{\"@id\":\"https:\/\/repair-care.com\/es\/#website\"},\"primaryImageOfPage\":{\"@id\":\"https:\/\/repair-care.com\/es\/knowledge-base\/7-steps\/#primaryimage\"},\"image\":{\"@id\":\"https:\/\/repair-care.com\/es\/knowledge-base\/7-steps\/#primaryimage\"},\"thumbnailUrl\":\"https:\/\/repair-care.com\/wp-content\/uploads\/2024\/10\/Step-5-web-1024x683.webp\",\"datePublished\":\"2024-05-08T11:41:59+00:00\",\"dateModified\":\"2026-03-11T16:44:48+00:00\",\"description\":\"\u00bfNecesitas realizar una reparaci\u00f3n duradera en madera? En esta p\u00e1gina encontrar\u00e1s los 7 pasos para una reparaci\u00f3n duradera en madera.\",\"breadcrumb\":{\"@id\":\"https:\/\/repair-care.com\/es\/knowledge-base\/7-steps\/#breadcrumb\"},\"inLanguage\":\"es\",\"potentialAction\":[{\"@type\":\"ReadAction\",\"target\":[\"https:\/\/repair-care.com\/es\/knowledge-base\/7-steps\/\"]}]},{\"@type\":\"ImageObject\",\"inLanguage\":\"es\",\"@id\":\"https:\/\/repair-care.com\/es\/knowledge-base\/7-steps\/#primaryimage\",\"url\":\"https:\/\/repair-care.com\/wp-content\/uploads\/2024\/10\/Step-5-web-1024x683.webp\",\"contentUrl\":\"https:\/\/repair-care.com\/wp-content\/uploads\/2024\/10\/Step-5-web-1024x683.webp\"},{\"@type\":\"BreadcrumbList\",\"@id\":\"https:\/\/repair-care.com\/es\/knowledge-base\/7-steps\/#breadcrumb\",\"itemListElement\":[{\"@type\":\"ListItem\",\"position\":1,\"name\":\"Home\",\"item\":\"https:\/\/repair-care.com\/es\/\"},{\"@type\":\"ListItem\",\"position\":2,\"name\":\"Base de conocimientos\",\"item\":\"https:\/\/repair-care.com\/es\/knowledge-base\/\"},{\"@type\":\"ListItem\",\"position\":3,\"name\":\"7 pasos\"}]},{\"@type\":\"WebSite\",\"@id\":\"https:\/\/repair-care.com\/es\/#website\",\"url\":\"https:\/\/repair-care.com\/es\/\",\"name\":\"Repair Care USA\",\"description\":\"\",\"publisher\":{\"@id\":\"https:\/\/repair-care.com\/es\/#organization\"},\"potentialAction\":[{\"@type\":\"SearchAction\",\"target\":{\"@type\":\"EntryPoint\",\"urlTemplate\":\"https:\/\/repair-care.com\/es\/?s={search_term_string}\"},\"query-input\":{\"@type\":\"PropertyValueSpecification\",\"valueRequired\":true,\"valueName\":\"search_term_string\"}}],\"inLanguage\":\"es\"},{\"@type\":\"Organization\",\"@id\":\"https:\/\/repair-care.com\/es\/#organization\",\"name\":\"Repair Care\",\"url\":\"https:\/\/repair-care.com\/es\/\",\"logo\":{\"@type\":\"ImageObject\",\"inLanguage\":\"es\",\"@id\":\"https:\/\/repair-care.com\/es\/#\/schema\/logo\/image\/\",\"url\":\"https:\/\/repair-care.com\/wp-content\/uploads\/2023\/11\/rc-logo-2024.svg\",\"contentUrl\":\"https:\/\/repair-care.com\/wp-content\/uploads\/2023\/11\/rc-logo-2024.svg\",\"caption\":\"Repair Care\"},\"image\":{\"@id\":\"https:\/\/repair-care.com\/es\/#\/schema\/logo\/image\/\"},\"sameAs\":[\"https:\/\/www.facebook.com\/UKRepairCare\/\",\"https:\/\/x.com\/repaircareuk\",\"https:\/\/www.instagram.com\/repair_care_international_uk\/?hl=en\",\"https:\/\/www.tiktok.com\/@repaircareuk\"]}]}<\/script>\n<!-- \/ Yoast SEO plugin. -->","yoast_head_json":{"title":"El m\u00e9todo de trabajo de los 7 pasos | Repair Care","description":"\u00bfNecesitas realizar una reparaci\u00f3n duradera en madera? En esta p\u00e1gina encontrar\u00e1s los 7 pasos para una reparaci\u00f3n duradera en madera.","robots":{"index":"index","follow":"follow","max-snippet":"max-snippet:-1","max-image-preview":"max-image-preview:large","max-video-preview":"max-video-preview:-1"},"canonical":"https:\/\/repair-care.com\/es\/knowledge-base\/7-steps\/","og_locale":"es_ES","og_type":"article","og_title":"El m\u00e9todo de trabajo de los 7 pasos | Repair Care","og_description":"\u00bfNecesitas realizar una reparaci\u00f3n duradera en madera? En esta p\u00e1gina encontrar\u00e1s los 7 pasos para una reparaci\u00f3n duradera en madera.","og_url":"https:\/\/repair-care.com\/es\/knowledge-base\/7-steps\/","og_site_name":"Repair Care | Stronger together","article_publisher":"https:\/\/www.facebook.com\/UKRepairCare\/","article_modified_time":"2026-03-11T16:44:48+00:00","og_image":[{"width":1920,"height":1281,"url":"https:\/\/repair-care.com\/wp-content\/uploads\/2024\/10\/Step-5-web-jpg.webp","type":"image\/jpeg"}],"twitter_card":"summary_large_image","twitter_site":"@repaircareuk","schema":{"@context":"https:\/\/schema.org","@graph":[{"@type":"WebPage","@id":"https:\/\/repair-care.com\/es\/knowledge-base\/7-steps\/","url":"https:\/\/repair-care.com\/es\/knowledge-base\/7-steps\/","name":"El m\u00e9todo de trabajo de los 7 pasos | Repair Care","isPartOf":{"@id":"https:\/\/repair-care.com\/es\/#website"},"primaryImageOfPage":{"@id":"https:\/\/repair-care.com\/es\/knowledge-base\/7-steps\/#primaryimage"},"image":{"@id":"https:\/\/repair-care.com\/es\/knowledge-base\/7-steps\/#primaryimage"},"thumbnailUrl":"https:\/\/repair-care.com\/wp-content\/uploads\/2024\/10\/Step-5-web-1024x683.webp","datePublished":"2024-05-08T11:41:59+00:00","dateModified":"2026-03-11T16:44:48+00:00","description":"\u00bfNecesitas realizar una reparaci\u00f3n duradera en madera? En esta p\u00e1gina encontrar\u00e1s los 7 pasos para una reparaci\u00f3n duradera en madera.","breadcrumb":{"@id":"https:\/\/repair-care.com\/es\/knowledge-base\/7-steps\/#breadcrumb"},"inLanguage":"es","potentialAction":[{"@type":"ReadAction","target":["https:\/\/repair-care.com\/es\/knowledge-base\/7-steps\/"]}]},{"@type":"ImageObject","inLanguage":"es","@id":"https:\/\/repair-care.com\/es\/knowledge-base\/7-steps\/#primaryimage","url":"https:\/\/repair-care.com\/wp-content\/uploads\/2024\/10\/Step-5-web-1024x683.webp","contentUrl":"https:\/\/repair-care.com\/wp-content\/uploads\/2024\/10\/Step-5-web-1024x683.webp"},{"@type":"BreadcrumbList","@id":"https:\/\/repair-care.com\/es\/knowledge-base\/7-steps\/#breadcrumb","itemListElement":[{"@type":"ListItem","position":1,"name":"Home","item":"https:\/\/repair-care.com\/es\/"},{"@type":"ListItem","position":2,"name":"Base de conocimientos","item":"https:\/\/repair-care.com\/es\/knowledge-base\/"},{"@type":"ListItem","position":3,"name":"7 pasos"}]},{"@type":"WebSite","@id":"https:\/\/repair-care.com\/es\/#website","url":"https:\/\/repair-care.com\/es\/","name":"Repair Care USA","description":"","publisher":{"@id":"https:\/\/repair-care.com\/es\/#organization"},"potentialAction":[{"@type":"SearchAction","target":{"@type":"EntryPoint","urlTemplate":"https:\/\/repair-care.com\/es\/?s={search_term_string}"},"query-input":{"@type":"PropertyValueSpecification","valueRequired":true,"valueName":"search_term_string"}}],"inLanguage":"es"},{"@type":"Organization","@id":"https:\/\/repair-care.com\/es\/#organization","name":"Repair Care","url":"https:\/\/repair-care.com\/es\/","logo":{"@type":"ImageObject","inLanguage":"es","@id":"https:\/\/repair-care.com\/es\/#\/schema\/logo\/image\/","url":"https:\/\/repair-care.com\/wp-content\/uploads\/2023\/11\/rc-logo-2024.svg","contentUrl":"https:\/\/repair-care.com\/wp-content\/uploads\/2023\/11\/rc-logo-2024.svg","caption":"Repair Care"},"image":{"@id":"https:\/\/repair-care.com\/es\/#\/schema\/logo\/image\/"},"sameAs":["https:\/\/www.facebook.com\/UKRepairCare\/","https:\/\/x.com\/repaircareuk","https:\/\/www.instagram.com\/repair_care_international_uk\/?hl=en","https:\/\/www.tiktok.com\/@repaircareuk"]}]}},"_links":{"self":[{"href":"https:\/\/repair-care.com\/es\/wp-json\/wp\/v2\/pages\/152538","targetHints":{"allow":["GET"]}}],"collection":[{"href":"https:\/\/repair-care.com\/es\/wp-json\/wp\/v2\/pages"}],"about":[{"href":"https:\/\/repair-care.com\/es\/wp-json\/wp\/v2\/types\/page"}],"author":[{"embeddable":true,"href":"https:\/\/repair-care.com\/es\/wp-json\/wp\/v2\/users\/4"}],"replies":[{"embeddable":true,"href":"https:\/\/repair-care.com\/es\/wp-json\/wp\/v2\/comments?post=152538"}],"version-history":[{"count":1,"href":"https:\/\/repair-care.com\/es\/wp-json\/wp\/v2\/pages\/152538\/revisions"}],"predecessor-version":[{"id":152541,"href":"https:\/\/repair-care.com\/es\/wp-json\/wp\/v2\/pages\/152538\/revisions\/152541"}],"up":[{"embeddable":true,"href":"https:\/\/repair-care.com\/es\/wp-json\/wp\/v2\/pages\/147691"}],"wp:attachment":[{"href":"https:\/\/repair-care.com\/es\/wp-json\/wp\/v2\/media?parent=152538"}],"curies":[{"name":"wp","href":"https:\/\/api.w.org\/{rel}","templated":true}]}}